{"id":2404,"date":"2024-11-27T14:40:35","date_gmt":"2024-11-27T14:40:35","guid":{"rendered":"https:\/\/tradedesk.dk\/blog\/?page_id=2404"},"modified":"2024-11-27T14:42:12","modified_gmt":"2024-11-27T14:42:12","slug":"lyn_analyser","status":"publish","type":"page","link":"https:\/\/tradedesk.dk\/blog\/lyn_analyser\/","title":{"rendered":"Lynanalyser af aktier"},"content":{"rendered":"\t\t<div data-elementor-type=\"wp-page\" data-elementor-id=\"2404\" class=\"elementor elementor-2404\">\n\t\t\t\t<div class=\"elementor-element elementor-element-64c76d4 e-flex e-con-boxed e-con e-parent\" data-id=\"64c76d4\" data-element_type=\"container\" data-e-type=\"container\">\n\t\t\t\t\t<div class=\"e-con-inner\">\n\t\t<div class=\"elementor-element elementor-element-b6e600c e-con-full e-flex e-con e-child\" data-id=\"b6e600c\" data-element_type=\"container\" data-e-type=\"container\">\n\t\t\t\t<div class=\"elementor-element elementor-element-d1e96c0 elementor-widget elementor-widget-heading\" data-id=\"d1e96c0\" data-element_type=\"widget\" data-e-type=\"widget\" data-widget_type=\"heading.default\">\n\t\t\t\t<div class=\"elementor-widget-container\">\n\t\t\t\t\t<span class=\"elementor-heading-title elementor-size-default\">Lynanalyser - Vurder en aktie p\u00e5 5 sek.\n<\/span>\t\t\t\t<\/div>\n\t\t\t\t<\/div>\n\t\t\t\t<div class=\"elementor-element elementor-element-958f1de elementor-widget elementor-widget-text-editor\" data-id=\"958f1de\" data-element_type=\"widget\" data-e-type=\"widget\" data-widget_type=\"text-editor.default\">\n\t\t\t\t<div class=\"elementor-widget-container\">\n\t\t\t\t\t\t\t\t\t<p>Hvem siger, at det skal v\u00e6re sv\u00e6rt og b\u00f8vlet at analysere en aktie?<br \/>Vi pr\u00e6senterer Lynanalyserne, som hurtigt viser dig om trenden er rigtig, og hvor risikabel aktien er, og om virksomheden finansielt er v\u00e6rd at investere i. S\u00e5 ved du b\u00e5de om det er den rette virksomhed og om det er det rette tidspunkt, uden at l\u00e6se et regnskab, eller have set en graf.<\/p>\t\t\t\t\t\t\t\t<\/div>\n\t\t\t\t<\/div>\n\t\t\t\t<\/div>\n\t\t<div class=\"elementor-element elementor-element-ec60a75 e-con-full e-flex e-con e-child\" data-id=\"ec60a75\" data-element_type=\"container\" data-e-type=\"container\">\n\t\t\t\t<div class=\"elementor-element elementor-element-1170c77 elementor-widget elementor-widget-image\" data-id=\"1170c77\" data-element_type=\"widget\" data-e-type=\"widget\" data-widget_type=\"image.default\">\n\t\t\t\t<div class=\"elementor-widget-container\">\n\t\t\t\t\t\t\t\t\t\t\t\t\t\t\t<img fetchpriority=\"high\" decoding=\"async\" width=\"640\" height=\"351\" src=\"https:\/\/tradedesk.dk\/blog\/wp-content\/uploads\/2024\/11\/08b20617f56d9057e9a623efffd047d8.png\" class=\"attachment-large size-large wp-image-2407\" alt=\"\" srcset=\"https:\/\/tradedesk.dk\/blog\/wp-content\/uploads\/2024\/11\/08b20617f56d9057e9a623efffd047d8.png 695w, https:\/\/tradedesk.dk\/blog\/wp-content\/uploads\/2024\/11\/08b20617f56d9057e9a623efffd047d8-300x164.png 300w\" sizes=\"(max-width: 640px) 100vw, 640px\" \/>\t\t\t\t\t\t\t\t\t\t\t\t\t\t\t<\/div>\n\t\t\t\t<\/div>\n\t\t\t\t<\/div>\n\t\t\t\t\t<\/div>\n\t\t\t\t<\/div>\n\t\t\t\t<\/div>\n\t\t","protected":false},"excerpt":{"rendered":"<p>Lynanalyser &#8211; Vurder en aktie p\u00e5 5 sek. Hvem siger, at det skal v\u00e6re sv\u00e6rt [&hellip;]<\/p>\n","protected":false},"author":5,"featured_media":0,"parent":0,"menu_order":0,"comment_status":"closed","ping_status":"closed","template":"elementor_header_footer","meta":{"footnotes":""},"class_list":["post-2404","page","type-page","status-publish","hentry"],"yoast_head":"<!-- This site is optimized with the Yoast SEO Premium plugin v27.2 (Yoast SEO v27.3) - https:\/\/yoast.com\/product\/yoast-seo-premium-wordpress\/ -->\n<title>Lynanalyser af aktier &#8212; TradeDesk<\/title>\n<meta name=\"robots\" content=\"index, follow, max-snippet:-1, max-image-preview:large, max-video-preview:-1\" \/>\n<link rel=\"canonical\" href=\"https:\/\/tradedesk.dk\/blog\/lyn_analyser\/\" \/>\n<meta property=\"og:locale\" content=\"da_DK\" \/>\n<meta property=\"og:type\" content=\"article\" \/>\n<meta property=\"og:title\" content=\"Lynanalyser af aktier\" \/>\n<meta property=\"og:description\" content=\"Lynanalyser &#8211; Vurder en aktie p\u00e5 5 sek. Hvem siger, at det skal v\u00e6re sv\u00e6rt [&hellip;]\" \/>\n<meta property=\"og:url\" content=\"https:\/\/tradedesk.dk\/blog\/lyn_analyser\/\" \/>\n<meta property=\"og:site_name\" content=\"TradeDesk\" \/>\n<meta property=\"article:publisher\" content=\"https:\/\/www.facebook.com\/groups\/Aktiebosserne\" \/>\n<meta property=\"article:modified_time\" content=\"2024-11-27T14:42:12+00:00\" \/>\n<meta property=\"og:image\" content=\"https:\/\/tradedesk.dk\/blog\/wp-content\/uploads\/2024\/11\/08b20617f56d9057e9a623efffd047d8.png\" \/>\n\t<meta property=\"og:image:width\" content=\"695\" \/>\n\t<meta property=\"og:image:height\" content=\"381\" \/>\n\t<meta property=\"og:image:type\" content=\"image\/png\" \/>\n<meta name=\"twitter:card\" content=\"summary_large_image\" \/>\n<meta name=\"twitter:label1\" content=\"Estimeret l\u00e6setid\" \/>\n\t<meta name=\"twitter:data1\" content=\"1 minut\" \/>\n<script type=\"application\/ld+json\" class=\"yoast-schema-graph\">{\"@context\":\"https:\\\/\\\/schema.org\",\"@graph\":[{\"@type\":\"WebPage\",\"@id\":\"https:\\\/\\\/tradedesk.dk\\\/blog\\\/lyn_analyser\\\/\",\"url\":\"https:\\\/\\\/tradedesk.dk\\\/blog\\\/lyn_analyser\\\/\",\"name\":\"Lynanalyser af aktier &#8212; TradeDesk\",\"isPartOf\":{\"@id\":\"https:\\\/\\\/tradedesk.dk\\\/blog\\\/#website\"},\"primaryImageOfPage\":{\"@id\":\"https:\\\/\\\/tradedesk.dk\\\/blog\\\/lyn_analyser\\\/#primaryimage\"},\"image\":{\"@id\":\"https:\\\/\\\/tradedesk.dk\\\/blog\\\/lyn_analyser\\\/#primaryimage\"},\"thumbnailUrl\":\"https:\\\/\\\/tradedesk.dk\\\/blog\\\/wp-content\\\/uploads\\\/2024\\\/11\\\/08b20617f56d9057e9a623efffd047d8.png\",\"datePublished\":\"2024-11-27T14:40:35+00:00\",\"dateModified\":\"2024-11-27T14:42:12+00:00\",\"breadcrumb\":{\"@id\":\"https:\\\/\\\/tradedesk.dk\\\/blog\\\/lyn_analyser\\\/#breadcrumb\"},\"inLanguage\":\"da-DK\",\"potentialAction\":[{\"@type\":\"ReadAction\",\"target\":[\"https:\\\/\\\/tradedesk.dk\\\/blog\\\/lyn_analyser\\\/\"]}]},{\"@type\":\"ImageObject\",\"inLanguage\":\"da-DK\",\"@id\":\"https:\\\/\\\/tradedesk.dk\\\/blog\\\/lyn_analyser\\\/#primaryimage\",\"url\":\"https:\\\/\\\/tradedesk.dk\\\/blog\\\/wp-content\\\/uploads\\\/2024\\\/11\\\/08b20617f56d9057e9a623efffd047d8.png\",\"contentUrl\":\"https:\\\/\\\/tradedesk.dk\\\/blog\\\/wp-content\\\/uploads\\\/2024\\\/11\\\/08b20617f56d9057e9a623efffd047d8.png\",\"width\":695,\"height\":381},{\"@type\":\"BreadcrumbList\",\"@id\":\"https:\\\/\\\/tradedesk.dk\\\/blog\\\/lyn_analyser\\\/#breadcrumb\",\"itemListElement\":[{\"@type\":\"ListItem\",\"position\":1,\"name\":\"Home\",\"item\":\"https:\\\/\\\/tradedesk.dk\\\/blog\\\/\"},{\"@type\":\"ListItem\",\"position\":2,\"name\":\"Lynanalyser af aktier\"}]},{\"@type\":\"WebSite\",\"@id\":\"https:\\\/\\\/tradedesk.dk\\\/blog\\\/#website\",\"url\":\"https:\\\/\\\/tradedesk.dk\\\/blog\\\/\",\"name\":\"TradeDesk\",\"description\":\"Aktier og Investering\",\"publisher\":{\"@id\":\"https:\\\/\\\/tradedesk.dk\\\/blog\\\/#organization\"},\"potentialAction\":[{\"@type\":\"SearchAction\",\"target\":{\"@type\":\"EntryPoint\",\"urlTemplate\":\"https:\\\/\\\/tradedesk.dk\\\/blog\\\/?s={search_term_string}\"},\"query-input\":{\"@type\":\"PropertyValueSpecification\",\"valueRequired\":true,\"valueName\":\"search_term_string\"}}],\"inLanguage\":\"da-DK\"},{\"@type\":\"Organization\",\"@id\":\"https:\\\/\\\/tradedesk.dk\\\/blog\\\/#organization\",\"name\":\"TradeDesk\",\"url\":\"https:\\\/\\\/tradedesk.dk\\\/blog\\\/\",\"logo\":{\"@type\":\"ImageObject\",\"inLanguage\":\"da-DK\",\"@id\":\"https:\\\/\\\/tradedesk.dk\\\/blog\\\/#\\\/schema\\\/logo\\\/image\\\/\",\"url\":\"https:\\\/\\\/tradedesk.dk\\\/blog\\\/wp-content\\\/uploads\\\/2024\\\/06\\\/tradedesk_logo.png\",\"contentUrl\":\"https:\\\/\\\/tradedesk.dk\\\/blog\\\/wp-content\\\/uploads\\\/2024\\\/06\\\/tradedesk_logo.png\",\"width\":140,\"height\":160,\"caption\":\"TradeDesk\"},\"image\":{\"@id\":\"https:\\\/\\\/tradedesk.dk\\\/blog\\\/#\\\/schema\\\/logo\\\/image\\\/\"},\"sameAs\":[\"https:\\\/\\\/www.facebook.com\\\/groups\\\/Aktiebosserne\"]}]}<\/script>\n<!-- \/ Yoast SEO Premium plugin. -->","yoast_head_json":{"title":"Lynanalyser af aktier &#8212; TradeDesk","robots":{"index":"index","follow":"follow","max-snippet":"max-snippet:-1","max-image-preview":"max-image-preview:large","max-video-preview":"max-video-preview:-1"},"canonical":"https:\/\/tradedesk.dk\/blog\/lyn_analyser\/","og_locale":"da_DK","og_type":"article","og_title":"Lynanalyser af aktier","og_description":"Lynanalyser &#8211; Vurder en aktie p\u00e5 5 sek. Hvem siger, at det skal v\u00e6re sv\u00e6rt [&hellip;]","og_url":"https:\/\/tradedesk.dk\/blog\/lyn_analyser\/","og_site_name":"TradeDesk","article_publisher":"https:\/\/www.facebook.com\/groups\/Aktiebosserne","article_modified_time":"2024-11-27T14:42:12+00:00","og_image":[{"width":695,"height":381,"url":"https:\/\/tradedesk.dk\/blog\/wp-content\/uploads\/2024\/11\/08b20617f56d9057e9a623efffd047d8.png","type":"image\/png"}],"twitter_card":"summary_large_image","twitter_misc":{"Estimeret l\u00e6setid":"1 minut"},"schema":{"@context":"https:\/\/schema.org","@graph":[{"@type":"WebPage","@id":"https:\/\/tradedesk.dk\/blog\/lyn_analyser\/","url":"https:\/\/tradedesk.dk\/blog\/lyn_analyser\/","name":"Lynanalyser af aktier &#8212; TradeDesk","isPartOf":{"@id":"https:\/\/tradedesk.dk\/blog\/#website"},"primaryImageOfPage":{"@id":"https:\/\/tradedesk.dk\/blog\/lyn_analyser\/#primaryimage"},"image":{"@id":"https:\/\/tradedesk.dk\/blog\/lyn_analyser\/#primaryimage"},"thumbnailUrl":"https:\/\/tradedesk.dk\/blog\/wp-content\/uploads\/2024\/11\/08b20617f56d9057e9a623efffd047d8.png","datePublished":"2024-11-27T14:40:35+00:00","dateModified":"2024-11-27T14:42:12+00:00","breadcrumb":{"@id":"https:\/\/tradedesk.dk\/blog\/lyn_analyser\/#breadcrumb"},"inLanguage":"da-DK","potentialAction":[{"@type":"ReadAction","target":["https:\/\/tradedesk.dk\/blog\/lyn_analyser\/"]}]},{"@type":"ImageObject","inLanguage":"da-DK","@id":"https:\/\/tradedesk.dk\/blog\/lyn_analyser\/#primaryimage","url":"https:\/\/tradedesk.dk\/blog\/wp-content\/uploads\/2024\/11\/08b20617f56d9057e9a623efffd047d8.png","contentUrl":"https:\/\/tradedesk.dk\/blog\/wp-content\/uploads\/2024\/11\/08b20617f56d9057e9a623efffd047d8.png","width":695,"height":381},{"@type":"BreadcrumbList","@id":"https:\/\/tradedesk.dk\/blog\/lyn_analyser\/#breadcrumb","itemListElement":[{"@type":"ListItem","position":1,"name":"Home","item":"https:\/\/tradedesk.dk\/blog\/"},{"@type":"ListItem","position":2,"name":"Lynanalyser af aktier"}]},{"@type":"WebSite","@id":"https:\/\/tradedesk.dk\/blog\/#website","url":"https:\/\/tradedesk.dk\/blog\/","name":"TradeDesk","description":"Aktier og Investering","publisher":{"@id":"https:\/\/tradedesk.dk\/blog\/#organization"},"potentialAction":[{"@type":"SearchAction","target":{"@type":"EntryPoint","urlTemplate":"https:\/\/tradedesk.dk\/blog\/?s={search_term_string}"},"query-input":{"@type":"PropertyValueSpecification","valueRequired":true,"valueName":"search_term_string"}}],"inLanguage":"da-DK"},{"@type":"Organization","@id":"https:\/\/tradedesk.dk\/blog\/#organization","name":"TradeDesk","url":"https:\/\/tradedesk.dk\/blog\/","logo":{"@type":"ImageObject","inLanguage":"da-DK","@id":"https:\/\/tradedesk.dk\/blog\/#\/schema\/logo\/image\/","url":"https:\/\/tradedesk.dk\/blog\/wp-content\/uploads\/2024\/06\/tradedesk_logo.png","contentUrl":"https:\/\/tradedesk.dk\/blog\/wp-content\/uploads\/2024\/06\/tradedesk_logo.png","width":140,"height":160,"caption":"TradeDesk"},"image":{"@id":"https:\/\/tradedesk.dk\/blog\/#\/schema\/logo\/image\/"},"sameAs":["https:\/\/www.facebook.com\/groups\/Aktiebosserne"]}]}},"jetpack-related-posts":[{"id":2576,"url":"https:\/\/tradedesk.dk\/blog\/9-danske-vinder-aktier-mini-offer\/","url_meta":{"origin":2404,"position":0},"title":"Vi har sendt e-bogen til dig.","author":"siawa rao","date":"2024-12-04","format":false,"excerpt":"Vi har sendt e-bogen til dig!\u00a0Den er i din mailboks om 2 min, men\u00a0kan ende i spam \/ promoveringer i din mailboks.Mens du venter, vil vi gerne\u00a0pr\u00e6sentere TradeDesk for dig\u00a0TradeDesk hj\u00e6lper dig med at undg\u00e5 store tab og finde de bedste aktier i markedet og vi har brugt TradeDesk til\u2026","rel":"","context":"Similar post","block_context":{"text":"Similar post","link":""},"img":{"alt_text":"","src":"https:\/\/i0.wp.com\/tradedesk.dk\/blog\/wp-content\/uploads\/2024\/11\/lyn-analyse.jpg?resize=350%2C200&ssl=1","width":350,"height":200,"srcset":"https:\/\/i0.wp.com\/tradedesk.dk\/blog\/wp-content\/uploads\/2024\/11\/lyn-analyse.jpg?resize=350%2C200&ssl=1 1x, https:\/\/i0.wp.com\/tradedesk.dk\/blog\/wp-content\/uploads\/2024\/11\/lyn-analyse.jpg?resize=525%2C300&ssl=1 1.5x, https:\/\/i0.wp.com\/tradedesk.dk\/blog\/wp-content\/uploads\/2024\/11\/lyn-analyse.jpg?resize=700%2C400&ssl=1 2x"},"classes":[]},{"id":2631,"url":"https:\/\/tradedesk.dk\/blog\/mini-offer\/","url_meta":{"origin":2404,"position":1},"title":"Pr\u00f8v TradeDesk i en mdr til 47 kr","author":"siawa rao","date":"2025-01-10","format":false,"excerpt":"TradeDesk hj\u00e6lper finde de bedste aktier i aktiemarkedet Inden du k\u00f8ber - check aktien i TradeDesk Slut med store tab og holde p\u00e5 taberaktier \u200bSlut med at v\u00e6lge aktier med mavefornemmelsen \u200bSlut med ikke at f\u00e5 holdt \u00f8je og eksekveret Find de bedste aktier i markedet nemt og hurtigt \u200bOpn\u00e5\u2026","rel":"","context":"Similar post","block_context":{"text":"Similar post","link":""},"img":{"alt_text":"","src":"https:\/\/i0.wp.com\/tradedesk.dk\/blog\/wp-content\/uploads\/2025\/01\/Poul.png?resize=350%2C200&ssl=1","width":350,"height":200,"srcset":"https:\/\/i0.wp.com\/tradedesk.dk\/blog\/wp-content\/uploads\/2025\/01\/Poul.png?resize=350%2C200&ssl=1 1x, https:\/\/i0.wp.com\/tradedesk.dk\/blog\/wp-content\/uploads\/2025\/01\/Poul.png?resize=525%2C300&ssl=1 1.5x"},"classes":[]},{"id":2116,"url":"https:\/\/tradedesk.dk\/blog\/thats-how-it-works\/","url_meta":{"origin":2404,"position":2},"title":"S\u00e5dan virker det","author":"siawa rao","date":"2024-11-10","format":false,"excerpt":"TradeDesk hj\u00e6lper dig med at undg\u00e5 store tab og finde de bedste aktier i markedetSe hvordan TradeDesk hj\u00e6lper dig i vores demo af Guldpakken Stop med at gamble med din finansielle fremtidTr\u00e6f i stedet bedre, datadrevne beslutninger med TradeDesk Slut med store tab og holde p\u00e5 taberaktier \u200bSlut med at\u2026","rel":"","context":"Similar post","block_context":{"text":"Similar post","link":""},"img":{"alt_text":"","src":"https:\/\/i0.wp.com\/tradedesk.dk\/blog\/wp-content\/uploads\/2024\/11\/2.png?resize=350%2C200&ssl=1","width":350,"height":200,"srcset":"https:\/\/i0.wp.com\/tradedesk.dk\/blog\/wp-content\/uploads\/2024\/11\/2.png?resize=350%2C200&ssl=1 1x, https:\/\/i0.wp.com\/tradedesk.dk\/blog\/wp-content\/uploads\/2024\/11\/2.png?resize=525%2C300&ssl=1 1.5x, https:\/\/i0.wp.com\/tradedesk.dk\/blog\/wp-content\/uploads\/2024\/11\/2.png?resize=700%2C400&ssl=1 2x"},"classes":[]},{"id":1986,"url":"https:\/\/tradedesk.dk\/blog\/faq\/","url_meta":{"origin":2404,"position":3},"title":"F\u00e5 daglige aktieanalyser | TradeDesk","author":"siawa rao","date":"2024-11-10","format":false,"excerpt":"Hj\u00e6lp Hvorn\u00e5r skal jeg g\u00e5 ind i en aktie?N\u00e5r aktien er i optrend, eller har lavet en bundformation og retningen er skiftet. Lad v\u00e6re med at g\u00e5 ind i en aktie lige op til et regnskab.\u2028 Vent til markedet har besluttet sig og aktien er mindre volatil. Hvordan man minimerer\u2026","rel":"","context":"Similar post","block_context":{"text":"Similar post","link":""},"img":{"alt_text":"","src":"","width":0,"height":0},"classes":[]},{"id":2378,"url":"https:\/\/tradedesk.dk\/blog\/reviews\/","url_meta":{"origin":2404,"position":4},"title":"H\u00f8r hvad brugere siger om TradeDesk","author":"siawa rao","date":"2024-10-27","format":false,"excerpt":"Poul-Erik H\u00f8jbjerg p\u00e5 72 \u00e5r \"Jeg har haft meget stor gl\u00e6de af at bruge TradeDesken og vil helt klart anbefale det til andre\"Poul-Erik \u00e6rgede sig tidligere, hvis et godt selskab steg og han f\u00f8rst opdagede det for sent.\"Jeg har f\u00e5et det ud af det, at jeg kan finde aktier i\u2026","rel":"","context":"Similar post","block_context":{"text":"Similar post","link":""},"img":{"alt_text":"","src":"https:\/\/i0.wp.com\/tradedesk.dk\/blog\/wp-content\/uploads\/2024\/11\/f69e0129998019cd35ed9828ed786d1d.png?resize=350%2C200&ssl=1","width":350,"height":200,"srcset":"https:\/\/i0.wp.com\/tradedesk.dk\/blog\/wp-content\/uploads\/2024\/11\/f69e0129998019cd35ed9828ed786d1d.png?resize=350%2C200&ssl=1 1x, https:\/\/i0.wp.com\/tradedesk.dk\/blog\/wp-content\/uploads\/2024\/11\/f69e0129998019cd35ed9828ed786d1d.png?resize=525%2C300&ssl=1 1.5x"},"classes":[]},{"id":2431,"url":"https:\/\/tradedesk.dk\/blog\/9-danske-vinder-aktier\/","url_meta":{"origin":2404,"position":5},"title":"9 Danske Vinder Aktier","author":"siawa rao","date":"2024-11-27","format":false,"excerpt":"K\u00f8b ikke din n\u00e6ste aktie - f\u00f8r du har l\u00e6st \"9 Danske Vinderaktier\" \u00a0\u2013 De Private Investorers Guide til Sikre Langsigtede Investeringer 9 Danske Vinderaktier \u2013 Invest\u00e9r i Fremtidens Stjerner i dag\u00a0 Hent din gratis kopi af vores E-bog23 v\u00e6rdifulde sider fyldt med viden og 9 analyser, du ikke m\u00e5\u2026","rel":"","context":"Similar post","block_context":{"text":"Similar post","link":""},"img":{"alt_text":"","src":"https:\/\/i0.wp.com\/tradedesk.dk\/blog\/wp-content\/uploads\/2024\/11\/2-1.png?resize=350%2C200&ssl=1","width":350,"height":200,"srcset":"https:\/\/i0.wp.com\/tradedesk.dk\/blog\/wp-content\/uploads\/2024\/11\/2-1.png?resize=350%2C200&ssl=1 1x, https:\/\/i0.wp.com\/tradedesk.dk\/blog\/wp-content\/uploads\/2024\/11\/2-1.png?resize=525%2C300&ssl=1 1.5x, https:\/\/i0.wp.com\/tradedesk.dk\/blog\/wp-content\/uploads\/2024\/11\/2-1.png?resize=700%2C400&ssl=1 2x"},"classes":[]}],"jetpack_sharing_enabled":true,"jetpack_shortlink":"https:\/\/wp.me\/PfSnVH-CM","_links":{"self":[{"href":"https:\/\/tradedesk.dk\/blog\/wp-json\/wp\/v2\/pages\/2404","targetHints":{"allow":["GET"]}}],"collection":[{"href":"https:\/\/tradedesk.dk\/blog\/wp-json\/wp\/v2\/pages"}],"about":[{"href":"https:\/\/tradedesk.dk\/blog\/wp-json\/wp\/v2\/types\/page"}],"author":[{"embeddable":true,"href":"https:\/\/tradedesk.dk\/blog\/wp-json\/wp\/v2\/users\/5"}],"replies":[{"embeddable":true,"href":"https:\/\/tradedesk.dk\/blog\/wp-json\/wp\/v2\/comments?post=2404"}],"version-history":[{"count":5,"href":"https:\/\/tradedesk.dk\/blog\/wp-json\/wp\/v2\/pages\/2404\/revisions"}],"predecessor-version":[{"id":2410,"href":"https:\/\/tradedesk.dk\/blog\/wp-json\/wp\/v2\/pages\/2404\/revisions\/2410"}],"wp:attachment":[{"href":"https:\/\/tradedesk.dk\/blog\/wp-json\/wp\/v2\/media?parent=2404"}],"curies":[{"name":"wp","href":"https:\/\/api.w.org\/{rel}","templated":true}]}}