{"id":2398,"date":"2024-11-27T14:37:53","date_gmt":"2024-11-27T14:37:53","guid":{"rendered":"https:\/\/tradedesk.dk\/blog\/?page_id=2398"},"modified":"2024-11-27T14:39:35","modified_gmt":"2024-11-27T14:39:35","slug":"sektorer","status":"publish","type":"page","link":"https:\/\/tradedesk.dk\/blog\/sektorer\/","title":{"rendered":"Find vinderne nemt med sektorv\u00e6rkt\u00f8jet hos TradeDesk"},"content":{"rendered":"\t\t<div data-elementor-type=\"wp-page\" data-elementor-id=\"2398\" class=\"elementor elementor-2398\">\n\t\t\t\t<div class=\"elementor-element elementor-element-603a7d5 e-flex e-con-boxed e-con e-parent\" data-id=\"603a7d5\" data-element_type=\"container\" data-e-type=\"container\">\n\t\t\t\t\t<div class=\"e-con-inner\">\n\t\t<div class=\"elementor-element elementor-element-508e280 e-con-full e-flex e-con e-child\" data-id=\"508e280\" data-element_type=\"container\" data-e-type=\"container\">\n\t\t\t\t<div class=\"elementor-element elementor-element-ac4d433 elementor-widget elementor-widget-heading\" data-id=\"ac4d433\" data-element_type=\"widget\" data-e-type=\"widget\" data-widget_type=\"heading.default\">\n\t\t\t\t<div class=\"elementor-widget-container\">\n\t\t\t\t\t<span class=\"elementor-heading-title elementor-size-default\">Find de rigtige aktier\n<\/span>\t\t\t\t<\/div>\n\t\t\t\t<\/div>\n\t\t\t\t<div class=\"elementor-element elementor-element-d56a965 elementor-widget elementor-widget-text-editor\" data-id=\"d56a965\" data-element_type=\"widget\" data-e-type=\"widget\" data-widget_type=\"text-editor.default\">\n\t\t\t\t<div class=\"elementor-widget-container\">\n\t\t\t\t\t\t\t\t\t<p><i>&#8220;Sektorv\u00e6rkt\u00f8jet er det perfekte sted at starte&#8221;<\/i><br \/><br \/>Lars f\u00f8lte tidligere, at det var sv\u00e6rt at overskue aktiemarkedet og finde de aktier, som han burde satse p\u00e5.<br \/><br \/><i>&#8220;Det er s\u00e5 nemt at bruge og finde de rigtige aktier p\u00e5 et kort \u00f8jeblik og det g\u00e6lder alle 11 sektorer i aktiemarkedet&#8221;<\/i><\/p>\t\t\t\t\t\t\t\t<\/div>\n\t\t\t\t<\/div>\n\t\t\t\t<\/div>\n\t\t<div class=\"elementor-element elementor-element-f80a850 e-con-full e-flex e-con e-child\" data-id=\"f80a850\" data-element_type=\"container\" data-e-type=\"container\">\n\t\t\t\t<div class=\"elementor-element elementor-element-84b64d5 elementor-widget elementor-widget-video\" data-id=\"84b64d5\" data-element_type=\"widget\" data-e-type=\"widget\" data-settings=\"{&quot;video_type&quot;:&quot;vimeo&quot;}\" data-widget_type=\"video.default\">\n\t\t\t\t<div class=\"elementor-widget-container\">\n\t\t\t\t\t\t\t<div class=\"elementor-wrapper elementor-open-inline\">\n\t\t\t<iframe class=\"elementor-video-iframe\" allowfullscreen allow=\"clipboard-write\" title=\"vimeo videoafspiller\" src=\"https:\/\/player.vimeo.com\/video\/766429505?color&amp;autopause=0&amp;loop=0&amp;muted=0&amp;title=1&amp;portrait=1&amp;byline=1&amp;h=9b164016b2#t=\"><\/iframe>\t\t<\/div>\n\t\t\t\t\t\t<\/div>\n\t\t\t\t<\/div>\n\t\t\t\t<\/div>\n\t\t\t\t\t<\/div>\n\t\t\t\t<\/div>\n\t\t\t\t<\/div>\n\t\t","protected":false},"excerpt":{"rendered":"<p>Find de rigtige aktier &#8220;Sektorv\u00e6rkt\u00f8jet er det perfekte sted at starte&#8221; Lars f\u00f8lte tidligere, at [&hellip;]<\/p>\n","protected":false},"author":5,"featured_media":0,"parent":0,"menu_order":0,"comment_status":"closed","ping_status":"closed","template":"elementor_header_footer","meta":{"footnotes":""},"class_list":["post-2398","page","type-page","status-publish","hentry"],"yoast_head":"<!-- This site is optimized with the Yoast SEO Premium plugin v27.4 (Yoast SEO v27.5) - https:\/\/yoast.com\/product\/yoast-seo-premium-wordpress\/ -->\n<title>Find vinderne nemt med sektorv\u00e6rkt\u00f8jet hos TradeDesk &#8212; TradeDesk<\/title>\n<meta name=\"robots\" content=\"index, follow, max-snippet:-1, max-image-preview:large, max-video-preview:-1\" \/>\n<link rel=\"canonical\" href=\"https:\/\/tradedesk.dk\/blog\/sektorer\/\" \/>\n<meta property=\"og:locale\" content=\"da_DK\" \/>\n<meta property=\"og:type\" content=\"article\" \/>\n<meta property=\"og:title\" content=\"Find vinderne nemt med sektorv\u00e6rkt\u00f8jet hos TradeDesk\" \/>\n<meta property=\"og:description\" content=\"Find de rigtige aktier &#8220;Sektorv\u00e6rkt\u00f8jet er det perfekte sted at starte&#8221; Lars f\u00f8lte tidligere, at [&hellip;]\" \/>\n<meta property=\"og:url\" content=\"https:\/\/tradedesk.dk\/blog\/sektorer\/\" \/>\n<meta property=\"og:site_name\" content=\"TradeDesk\" \/>\n<meta property=\"article:publisher\" content=\"https:\/\/www.facebook.com\/groups\/Aktiebosserne\" \/>\n<meta property=\"article:modified_time\" content=\"2024-11-27T14:39:35+00:00\" \/>\n<meta name=\"twitter:card\" content=\"summary_large_image\" \/>\n<meta name=\"twitter:label1\" content=\"Estimeret l\u00e6setid\" \/>\n\t<meta name=\"twitter:data1\" content=\"1 minut\" \/>\n<script type=\"application\/ld+json\" class=\"yoast-schema-graph\">{\"@context\":\"https:\\\/\\\/schema.org\",\"@graph\":[{\"@type\":\"WebPage\",\"@id\":\"https:\\\/\\\/tradedesk.dk\\\/blog\\\/sektorer\\\/\",\"url\":\"https:\\\/\\\/tradedesk.dk\\\/blog\\\/sektorer\\\/\",\"name\":\"Find vinderne nemt med sektorv\u00e6rkt\u00f8jet hos TradeDesk &#8212; TradeDesk\",\"isPartOf\":{\"@id\":\"https:\\\/\\\/tradedesk.dk\\\/blog\\\/#website\"},\"datePublished\":\"2024-11-27T14:37:53+00:00\",\"dateModified\":\"2024-11-27T14:39:35+00:00\",\"breadcrumb\":{\"@id\":\"https:\\\/\\\/tradedesk.dk\\\/blog\\\/sektorer\\\/#breadcrumb\"},\"inLanguage\":\"da-DK\",\"potentialAction\":[{\"@type\":\"ReadAction\",\"target\":[\"https:\\\/\\\/tradedesk.dk\\\/blog\\\/sektorer\\\/\"]}]},{\"@type\":\"BreadcrumbList\",\"@id\":\"https:\\\/\\\/tradedesk.dk\\\/blog\\\/sektorer\\\/#breadcrumb\",\"itemListElement\":[{\"@type\":\"ListItem\",\"position\":1,\"name\":\"Home\",\"item\":\"https:\\\/\\\/tradedesk.dk\\\/blog\\\/\"},{\"@type\":\"ListItem\",\"position\":2,\"name\":\"Find vinderne nemt med sektorv\u00e6rkt\u00f8jet hos TradeDesk\"}]},{\"@type\":\"WebSite\",\"@id\":\"https:\\\/\\\/tradedesk.dk\\\/blog\\\/#website\",\"url\":\"https:\\\/\\\/tradedesk.dk\\\/blog\\\/\",\"name\":\"TradeDesk\",\"description\":\"Aktier og Investering\",\"publisher\":{\"@id\":\"https:\\\/\\\/tradedesk.dk\\\/blog\\\/#organization\"},\"potentialAction\":[{\"@type\":\"SearchAction\",\"target\":{\"@type\":\"EntryPoint\",\"urlTemplate\":\"https:\\\/\\\/tradedesk.dk\\\/blog\\\/?s={search_term_string}\"},\"query-input\":{\"@type\":\"PropertyValueSpecification\",\"valueRequired\":true,\"valueName\":\"search_term_string\"}}],\"inLanguage\":\"da-DK\"},{\"@type\":\"Organization\",\"@id\":\"https:\\\/\\\/tradedesk.dk\\\/blog\\\/#organization\",\"name\":\"TradeDesk\",\"url\":\"https:\\\/\\\/tradedesk.dk\\\/blog\\\/\",\"logo\":{\"@type\":\"ImageObject\",\"inLanguage\":\"da-DK\",\"@id\":\"https:\\\/\\\/tradedesk.dk\\\/blog\\\/#\\\/schema\\\/logo\\\/image\\\/\",\"url\":\"https:\\\/\\\/tradedesk.dk\\\/blog\\\/wp-content\\\/uploads\\\/2024\\\/06\\\/tradedesk_logo.png\",\"contentUrl\":\"https:\\\/\\\/tradedesk.dk\\\/blog\\\/wp-content\\\/uploads\\\/2024\\\/06\\\/tradedesk_logo.png\",\"width\":140,\"height\":160,\"caption\":\"TradeDesk\"},\"image\":{\"@id\":\"https:\\\/\\\/tradedesk.dk\\\/blog\\\/#\\\/schema\\\/logo\\\/image\\\/\"},\"sameAs\":[\"https:\\\/\\\/www.facebook.com\\\/groups\\\/Aktiebosserne\"]}]}<\/script>\n<!-- \/ Yoast SEO Premium plugin. -->","yoast_head_json":{"title":"Find vinderne nemt med sektorv\u00e6rkt\u00f8jet hos TradeDesk &#8212; TradeDesk","robots":{"index":"index","follow":"follow","max-snippet":"max-snippet:-1","max-image-preview":"max-image-preview:large","max-video-preview":"max-video-preview:-1"},"canonical":"https:\/\/tradedesk.dk\/blog\/sektorer\/","og_locale":"da_DK","og_type":"article","og_title":"Find vinderne nemt med sektorv\u00e6rkt\u00f8jet hos TradeDesk","og_description":"Find de rigtige aktier &#8220;Sektorv\u00e6rkt\u00f8jet er det perfekte sted at starte&#8221; Lars f\u00f8lte tidligere, at [&hellip;]","og_url":"https:\/\/tradedesk.dk\/blog\/sektorer\/","og_site_name":"TradeDesk","article_publisher":"https:\/\/www.facebook.com\/groups\/Aktiebosserne","article_modified_time":"2024-11-27T14:39:35+00:00","twitter_card":"summary_large_image","twitter_misc":{"Estimeret l\u00e6setid":"1 minut"},"schema":{"@context":"https:\/\/schema.org","@graph":[{"@type":"WebPage","@id":"https:\/\/tradedesk.dk\/blog\/sektorer\/","url":"https:\/\/tradedesk.dk\/blog\/sektorer\/","name":"Find vinderne nemt med sektorv\u00e6rkt\u00f8jet hos TradeDesk &#8212; TradeDesk","isPartOf":{"@id":"https:\/\/tradedesk.dk\/blog\/#website"},"datePublished":"2024-11-27T14:37:53+00:00","dateModified":"2024-11-27T14:39:35+00:00","breadcrumb":{"@id":"https:\/\/tradedesk.dk\/blog\/sektorer\/#breadcrumb"},"inLanguage":"da-DK","potentialAction":[{"@type":"ReadAction","target":["https:\/\/tradedesk.dk\/blog\/sektorer\/"]}]},{"@type":"BreadcrumbList","@id":"https:\/\/tradedesk.dk\/blog\/sektorer\/#breadcrumb","itemListElement":[{"@type":"ListItem","position":1,"name":"Home","item":"https:\/\/tradedesk.dk\/blog\/"},{"@type":"ListItem","position":2,"name":"Find vinderne nemt med sektorv\u00e6rkt\u00f8jet hos TradeDesk"}]},{"@type":"WebSite","@id":"https:\/\/tradedesk.dk\/blog\/#website","url":"https:\/\/tradedesk.dk\/blog\/","name":"TradeDesk","description":"Aktier og Investering","publisher":{"@id":"https:\/\/tradedesk.dk\/blog\/#organization"},"potentialAction":[{"@type":"SearchAction","target":{"@type":"EntryPoint","urlTemplate":"https:\/\/tradedesk.dk\/blog\/?s={search_term_string}"},"query-input":{"@type":"PropertyValueSpecification","valueRequired":true,"valueName":"search_term_string"}}],"inLanguage":"da-DK"},{"@type":"Organization","@id":"https:\/\/tradedesk.dk\/blog\/#organization","name":"TradeDesk","url":"https:\/\/tradedesk.dk\/blog\/","logo":{"@type":"ImageObject","inLanguage":"da-DK","@id":"https:\/\/tradedesk.dk\/blog\/#\/schema\/logo\/image\/","url":"https:\/\/tradedesk.dk\/blog\/wp-content\/uploads\/2024\/06\/tradedesk_logo.png","contentUrl":"https:\/\/tradedesk.dk\/blog\/wp-content\/uploads\/2024\/06\/tradedesk_logo.png","width":140,"height":160,"caption":"TradeDesk"},"image":{"@id":"https:\/\/tradedesk.dk\/blog\/#\/schema\/logo\/image\/"},"sameAs":["https:\/\/www.facebook.com\/groups\/Aktiebosserne"]}]}},"jetpack-related-posts":[{"id":2631,"url":"https:\/\/tradedesk.dk\/blog\/mini-offer\/","url_meta":{"origin":2398,"position":0},"title":"Pr\u00f8v TradeDesk i en mdr til 47 kr","author":"siawa rao","date":"2025-01-10","format":false,"excerpt":"TradeDesk hj\u00e6lper finde de bedste aktier i aktiemarkedet Inden du k\u00f8ber - check aktien i TradeDesk Slut med store tab og holde p\u00e5 taberaktier \u200bSlut med at v\u00e6lge aktier med mavefornemmelsen \u200bSlut med ikke at f\u00e5 holdt \u00f8je og eksekveret Find de bedste aktier i markedet nemt og hurtigt \u200bOpn\u00e5\u2026","rel":"","context":"Similar post","block_context":{"text":"Similar post","link":""},"img":{"alt_text":"","src":"https:\/\/i0.wp.com\/tradedesk.dk\/blog\/wp-content\/uploads\/2025\/01\/Poul.png?resize=350%2C200&ssl=1","width":350,"height":200,"srcset":"https:\/\/i0.wp.com\/tradedesk.dk\/blog\/wp-content\/uploads\/2025\/01\/Poul.png?resize=350%2C200&ssl=1 1x, https:\/\/i0.wp.com\/tradedesk.dk\/blog\/wp-content\/uploads\/2025\/01\/Poul.png?resize=525%2C300&ssl=1 1.5x"},"classes":[]},{"id":2576,"url":"https:\/\/tradedesk.dk\/blog\/9-danske-vinder-aktier-mini-offer\/","url_meta":{"origin":2398,"position":1},"title":"Vi har sendt e-bogen til dig.","author":"siawa rao","date":"2024-12-04","format":false,"excerpt":"Vi har sendt e-bogen til dig!\u00a0Den er i din mailboks om 2 min, men\u00a0kan ende i spam \/ promoveringer i din mailboks.Mens du venter, vil vi gerne\u00a0pr\u00e6sentere TradeDesk for dig\u00a0TradeDesk hj\u00e6lper dig med at undg\u00e5 store tab og finde de bedste aktier i markedet og vi har brugt TradeDesk til\u2026","rel":"","context":"Similar post","block_context":{"text":"Similar post","link":""},"img":{"alt_text":"","src":"https:\/\/i0.wp.com\/tradedesk.dk\/blog\/wp-content\/uploads\/2024\/11\/lyn-analyse.jpg?resize=350%2C200&ssl=1","width":350,"height":200,"srcset":"https:\/\/i0.wp.com\/tradedesk.dk\/blog\/wp-content\/uploads\/2024\/11\/lyn-analyse.jpg?resize=350%2C200&ssl=1 1x, https:\/\/i0.wp.com\/tradedesk.dk\/blog\/wp-content\/uploads\/2024\/11\/lyn-analyse.jpg?resize=525%2C300&ssl=1 1.5x, https:\/\/i0.wp.com\/tradedesk.dk\/blog\/wp-content\/uploads\/2024\/11\/lyn-analyse.jpg?resize=700%2C400&ssl=1 2x"},"classes":[]},{"id":2116,"url":"https:\/\/tradedesk.dk\/blog\/thats-how-it-works\/","url_meta":{"origin":2398,"position":2},"title":"S\u00e5dan virker det","author":"siawa rao","date":"2024-11-10","format":false,"excerpt":"TradeDesk hj\u00e6lper dig med at undg\u00e5 store tab og finde de bedste aktier i markedetSe hvordan TradeDesk hj\u00e6lper dig i vores demo af Guldpakken Stop med at gamble med din finansielle fremtidTr\u00e6f i stedet bedre, datadrevne beslutninger med TradeDesk Slut med store tab og holde p\u00e5 taberaktier \u200bSlut med at\u2026","rel":"","context":"Similar post","block_context":{"text":"Similar post","link":""},"img":{"alt_text":"","src":"https:\/\/i0.wp.com\/tradedesk.dk\/blog\/wp-content\/uploads\/2024\/11\/2.png?resize=350%2C200&ssl=1","width":350,"height":200,"srcset":"https:\/\/i0.wp.com\/tradedesk.dk\/blog\/wp-content\/uploads\/2024\/11\/2.png?resize=350%2C200&ssl=1 1x, https:\/\/i0.wp.com\/tradedesk.dk\/blog\/wp-content\/uploads\/2024\/11\/2.png?resize=525%2C300&ssl=1 1.5x, https:\/\/i0.wp.com\/tradedesk.dk\/blog\/wp-content\/uploads\/2024\/11\/2.png?resize=700%2C400&ssl=1 2x"},"classes":[]},{"id":2378,"url":"https:\/\/tradedesk.dk\/blog\/reviews\/","url_meta":{"origin":2398,"position":3},"title":"H\u00f8r hvad brugere siger om TradeDesk","author":"siawa rao","date":"2024-10-27","format":false,"excerpt":"Poul-Erik H\u00f8jbjerg p\u00e5 72 \u00e5r \"Jeg har haft meget stor gl\u00e6de af at bruge TradeDesken og vil helt klart anbefale det til andre\"Poul-Erik \u00e6rgede sig tidligere, hvis et godt selskab steg og han f\u00f8rst opdagede det for sent.\"Jeg har f\u00e5et det ud af det, at jeg kan finde aktier i\u2026","rel":"","context":"Similar post","block_context":{"text":"Similar post","link":""},"img":{"alt_text":"","src":"https:\/\/i0.wp.com\/tradedesk.dk\/blog\/wp-content\/uploads\/2024\/11\/f69e0129998019cd35ed9828ed786d1d.png?resize=350%2C200&ssl=1","width":350,"height":200,"srcset":"https:\/\/i0.wp.com\/tradedesk.dk\/blog\/wp-content\/uploads\/2024\/11\/f69e0129998019cd35ed9828ed786d1d.png?resize=350%2C200&ssl=1 1x, https:\/\/i0.wp.com\/tradedesk.dk\/blog\/wp-content\/uploads\/2024\/11\/f69e0129998019cd35ed9828ed786d1d.png?resize=525%2C300&ssl=1 1.5x"},"classes":[]},{"id":2423,"url":"https:\/\/tradedesk.dk\/blog\/finansielle_checks\/","url_meta":{"origin":2398,"position":4},"title":"Dit finansielle sikkerhedscheck af aktier","author":"siawa rao","date":"2024-11-27","format":false,"excerpt":"Undg\u00e5 store tab p\u00e5 aktier Vi g\u00f8r det nemt at styre uden om virksomheder, der taber penge og i stedet finde guldkornene. Alle aktier i TradeDesk system screenes for \u00f8konomiske vanskeligheder, s\u00e5som manglednde indtjening, g\u00e6ld, konkursrisiko. Derved kan du nemt undg\u00e5 at k\u00f8be noget dumt, som du lige har h\u00f8rt\u2026","rel":"","context":"Similar post","block_context":{"text":"Similar post","link":""},"img":{"alt_text":"","src":"https:\/\/i0.wp.com\/tradedesk.dk\/blog\/wp-content\/uploads\/2024\/11\/laptop_example_1.png?resize=350%2C200&ssl=1","width":350,"height":200,"srcset":"https:\/\/i0.wp.com\/tradedesk.dk\/blog\/wp-content\/uploads\/2024\/11\/laptop_example_1.png?resize=350%2C200&ssl=1 1x, https:\/\/i0.wp.com\/tradedesk.dk\/blog\/wp-content\/uploads\/2024\/11\/laptop_example_1.png?resize=525%2C300&ssl=1 1.5x, https:\/\/i0.wp.com\/tradedesk.dk\/blog\/wp-content\/uploads\/2024\/11\/laptop_example_1.png?resize=700%2C400&ssl=1 2x"},"classes":[]},{"id":2431,"url":"https:\/\/tradedesk.dk\/blog\/9-danske-vinder-aktier\/","url_meta":{"origin":2398,"position":5},"title":"9 Danske Vinder Aktier","author":"siawa rao","date":"2024-11-27","format":false,"excerpt":"K\u00f8b ikke din n\u00e6ste aktie - f\u00f8r du har l\u00e6st \"9 Danske Vinderaktier\" \u00a0\u2013 De Private Investorers Guide til Sikre Langsigtede Investeringer 9 Danske Vinderaktier \u2013 Invest\u00e9r i Fremtidens Stjerner i dag\u00a0 Hent din gratis kopi af vores E-bog23 v\u00e6rdifulde sider fyldt med viden og 9 analyser, du ikke m\u00e5\u2026","rel":"","context":"Similar post","block_context":{"text":"Similar post","link":""},"img":{"alt_text":"","src":"https:\/\/i0.wp.com\/tradedesk.dk\/blog\/wp-content\/uploads\/2024\/11\/2-1.png?resize=350%2C200&ssl=1","width":350,"height":200,"srcset":"https:\/\/i0.wp.com\/tradedesk.dk\/blog\/wp-content\/uploads\/2024\/11\/2-1.png?resize=350%2C200&ssl=1 1x, https:\/\/i0.wp.com\/tradedesk.dk\/blog\/wp-content\/uploads\/2024\/11\/2-1.png?resize=525%2C300&ssl=1 1.5x, https:\/\/i0.wp.com\/tradedesk.dk\/blog\/wp-content\/uploads\/2024\/11\/2-1.png?resize=700%2C400&ssl=1 2x"},"classes":[]}],"jetpack_sharing_enabled":true,"jetpack_shortlink":"https:\/\/wp.me\/PfSnVH-CG","_links":{"self":[{"href":"https:\/\/tradedesk.dk\/blog\/wp-json\/wp\/v2\/pages\/2398","targetHints":{"allow":["GET"]}}],"collection":[{"href":"https:\/\/tradedesk.dk\/blog\/wp-json\/wp\/v2\/pages"}],"about":[{"href":"https:\/\/tradedesk.dk\/blog\/wp-json\/wp\/v2\/types\/page"}],"author":[{"embeddable":true,"href":"https:\/\/tradedesk.dk\/blog\/wp-json\/wp\/v2\/users\/5"}],"replies":[{"embeddable":true,"href":"https:\/\/tradedesk.dk\/blog\/wp-json\/wp\/v2\/comments?post=2398"}],"version-history":[{"count":5,"href":"https:\/\/tradedesk.dk\/blog\/wp-json\/wp\/v2\/pages\/2398\/revisions"}],"predecessor-version":[{"id":2403,"href":"https:\/\/tradedesk.dk\/blog\/wp-json\/wp\/v2\/pages\/2398\/revisions\/2403"}],"wp:attachment":[{"href":"https:\/\/tradedesk.dk\/blog\/wp-json\/wp\/v2\/media?parent=2398"}],"curies":[{"name":"wp","href":"https:\/\/api.w.org\/{rel}","templated":true}]}}