{"id":2378,"date":"2024-10-27T14:04:00","date_gmt":"2024-10-27T14:04:00","guid":{"rendered":"https:\/\/tradedesk.dk\/blog\/?page_id=2378"},"modified":"2024-11-27T14:31:23","modified_gmt":"2024-11-27T14:31:23","slug":"reviews","status":"publish","type":"page","link":"https:\/\/tradedesk.dk\/blog\/reviews\/","title":{"rendered":"H\u00f8r hvad brugere siger om TradeDesk"},"content":{"rendered":"\t\t<div data-elementor-type=\"wp-page\" data-elementor-id=\"2378\" class=\"elementor elementor-2378\">\n\t\t\t\t<div class=\"elementor-element elementor-element-1c6e19d e-flex e-con-boxed e-con e-parent\" data-id=\"1c6e19d\" data-element_type=\"container\" data-e-type=\"container\">\n\t\t\t\t\t<div class=\"e-con-inner\">\n\t\t<div class=\"elementor-element elementor-element-7b3d5b5 e-con-full e-flex e-con e-child\" data-id=\"7b3d5b5\" data-element_type=\"container\" data-e-type=\"container\">\n\t\t\t\t<div class=\"elementor-element elementor-element-f1e4e39 elementor-widget elementor-widget-heading\" data-id=\"f1e4e39\" data-element_type=\"widget\" data-e-type=\"widget\" data-widget_type=\"heading.default\">\n\t\t\t\t<div class=\"elementor-widget-container\">\n\t\t\t\t\t<span class=\"elementor-heading-title elementor-size-default\">Poul-Erik H\u00f8jbjerg p\u00e5 72 \u00e5r\n<\/span>\t\t\t\t<\/div>\n\t\t\t\t<\/div>\n\t\t\t\t<div class=\"elementor-element elementor-element-1098685 elementor-widget elementor-widget-text-editor\" data-id=\"1098685\" data-element_type=\"widget\" data-e-type=\"widget\" data-widget_type=\"text-editor.default\">\n\t\t\t\t<div class=\"elementor-widget-container\">\n\t\t\t\t\t\t\t\t\t<p><i>&#8220;Jeg har haft meget stor gl\u00e6de af at bruge TradeDesken og vil helt klart anbefale det til andre&#8221;<\/i><br \/><br \/>Poul-Erik \u00e6rgede sig tidligere, hvis et godt selskab steg og han f\u00f8rst opdagede det for sent.<br \/><br \/><i>&#8220;Jeg har f\u00e5et det ud af det, at jeg kan finde aktier i kraftig optrend. Der er ikke noget, der er mere \u00e6rgerligt, end at et godt selskab, er steget 30% uden have lagt m\u00e6rke til det. Nu ved jeg hvilke aktier, der er steget mest og jeg er rigtig glad for afsnittet om sektorer og information om hvorn\u00e5r de enkelte selskaber har regnskab.&#8221;<\/i><\/p>\t\t\t\t\t\t\t\t<\/div>\n\t\t\t\t<\/div>\n\t\t\t\t<\/div>\n\t\t<div class=\"elementor-element elementor-element-f421e92 e-con-full e-flex e-con e-child\" data-id=\"f421e92\" data-element_type=\"container\" data-e-type=\"container\">\n\t\t\t\t<div class=\"elementor-element elementor-element-8f42587 elementor-widget elementor-widget-video\" data-id=\"8f42587\" data-element_type=\"widget\" data-e-type=\"widget\" data-settings=\"{&quot;video_type&quot;:&quot;vimeo&quot;}\" data-widget_type=\"video.default\">\n\t\t\t\t<div class=\"elementor-widget-container\">\n\t\t\t\t\t\t\t<div class=\"elementor-wrapper elementor-open-inline\">\n\t\t\t<iframe class=\"elementor-video-iframe\" allowfullscreen allow=\"clipboard-write\" title=\"vimeo videoafspiller\" src=\"https:\/\/player.vimeo.com\/video\/705830639?color&amp;autopause=0&amp;loop=0&amp;muted=0&amp;title=1&amp;portrait=1&amp;byline=1&amp;h=2fb3342f82#t=\"><\/iframe>\t\t<\/div>\n\t\t\t\t\t\t<\/div>\n\t\t\t\t<\/div>\n\t\t\t\t<\/div>\n\t\t\t\t\t<\/div>\n\t\t\t\t<\/div>\n\t\t<div class=\"elementor-element elementor-element-ed2d6f0 e-flex e-con-boxed e-con e-parent\" data-id=\"ed2d6f0\" data-element_type=\"container\" data-e-type=\"container\">\n\t\t\t\t\t<div class=\"e-con-inner\">\n\t\t<div class=\"elementor-element elementor-element-2f374f7 e-con-full e-flex e-con e-child\" data-id=\"2f374f7\" data-element_type=\"container\" data-e-type=\"container\">\n\t\t\t\t<div class=\"elementor-element elementor-element-53e32f2 elementor-widget elementor-widget-heading\" data-id=\"53e32f2\" data-element_type=\"widget\" data-e-type=\"widget\" data-widget_type=\"heading.default\">\n\t\t\t\t<div class=\"elementor-widget-container\">\n\t\t\t\t\t<span class=\"elementor-heading-title elementor-size-default\">Lars Lottrup p\u00e5 50 \u00e5r\n<\/span>\t\t\t\t<\/div>\n\t\t\t\t<\/div>\n\t\t\t\t<div class=\"elementor-element elementor-element-8b840fe elementor-widget elementor-widget-text-editor\" data-id=\"8b840fe\" data-element_type=\"widget\" data-e-type=\"widget\" data-widget_type=\"text-editor.default\">\n\t\t\t\t<div class=\"elementor-widget-container\">\n\t\t\t\t\t\t\t\t\t<p><i>&#8220;Forrygende &#8211; g\u00f8r investering nemmere og mere overskuelig&#8221;<\/i><br \/><br \/>Lars f\u00f8lte tidligere, at det var sv\u00e6rt at overskue aktiemarkedet og finde de aktier, som han burde satse p\u00e5.<br \/><br \/><i>&#8220;Tradedesk har form\u00e5et at give mig nogle signaler, som jeg kunne stole p\u00e5. Og g\u00f8r det simpelt, at finde ud af, hvad jeg skal satse p\u00e5. Derfor kan jeg bestemt anbefale, at andre at bruge TradeDesk.&#8221;<\/i><\/p>\t\t\t\t\t\t\t\t<\/div>\n\t\t\t\t<\/div>\n\t\t\t\t<\/div>\n\t\t<div class=\"elementor-element elementor-element-074685b e-con-full e-flex e-con e-child\" data-id=\"074685b\" data-element_type=\"container\" data-e-type=\"container\">\n\t\t\t\t<div class=\"elementor-element elementor-element-94f5483 elementor-widget elementor-widget-video\" data-id=\"94f5483\" data-element_type=\"widget\" data-e-type=\"widget\" data-settings=\"{&quot;video_type&quot;:&quot;vimeo&quot;}\" data-widget_type=\"video.default\">\n\t\t\t\t<div class=\"elementor-widget-container\">\n\t\t\t\t\t\t\t<div class=\"elementor-wrapper elementor-open-inline\">\n\t\t\t<iframe class=\"elementor-video-iframe\" allowfullscreen allow=\"clipboard-write\" title=\"vimeo videoafspiller\" src=\"https:\/\/player.vimeo.com\/video\/709032956?color&amp;autopause=0&amp;loop=0&amp;muted=0&amp;title=1&amp;portrait=1&amp;byline=1&amp;h=9b164016b2#t=\"><\/iframe>\t\t<\/div>\n\t\t\t\t\t\t<\/div>\n\t\t\t\t<\/div>\n\t\t\t\t<\/div>\n\t\t\t\t\t<\/div>\n\t\t\t\t<\/div>\n\t\t<div class=\"elementor-element elementor-element-7854805 e-flex e-con-boxed e-con e-parent\" data-id=\"7854805\" data-element_type=\"container\" data-e-type=\"container\">\n\t\t\t\t\t<div class=\"e-con-inner\">\n\t\t<div class=\"elementor-element elementor-element-f86df68 e-con-full e-flex e-con e-child\" data-id=\"f86df68\" data-element_type=\"container\" data-e-type=\"container\">\n\t\t\t\t<div class=\"elementor-element elementor-element-7c9a244 elementor-widget elementor-widget-heading\" data-id=\"7c9a244\" data-element_type=\"widget\" data-e-type=\"widget\" data-widget_type=\"heading.default\">\n\t\t\t\t<div class=\"elementor-widget-container\">\n\t\t\t\t\t<span class=\"elementor-heading-title elementor-size-default\">Christian p\u00e5 36 \u00e5r\n<\/span>\t\t\t\t<\/div>\n\t\t\t\t<\/div>\n\t\t\t\t<div class=\"elementor-element elementor-element-488e05f elementor-widget elementor-widget-text-editor\" data-id=\"488e05f\" data-element_type=\"widget\" data-e-type=\"widget\" data-widget_type=\"text-editor.default\">\n\t\t\t\t<div class=\"elementor-widget-container\">\n\t\t\t\t\t\t\t\t\t<p><i>&#8220;Jeg l\u00e6ner mig rigtig meget op af TradeDesks anbefalinger&#8221;<\/i><br \/><br \/>Christian var f\u00f8r i tvivl om, han havde de rigtige aktier og hvorn\u00e5r han burde handle.<br \/><br \/><i>&#8220;Det f\u00f8rste, som jeg brugte TradeDesk til, var at analysere min dav\u00e6rende portef\u00f8lje og jeg k\u00f8bte og solgte nogle af mine positioner, baseret p\u00e5 disse analyser. Jeg st\u00f8tter mig ret meget op af de anbefalinger jeg f\u00e5r, da de er baseret p\u00e5 data og matematiske modeller og ikke p\u00e5 mave fornemmelse. Jeg vil klart anbefale Tradedesk til enhver, som gerne vil have mere teknisk analyse af deres positioner.&#8221;<\/i><\/p>\t\t\t\t\t\t\t\t<\/div>\n\t\t\t\t<\/div>\n\t\t\t\t<\/div>\n\t\t<div class=\"elementor-element elementor-element-a229a12 e-con-full e-flex e-con e-child\" data-id=\"a229a12\" data-element_type=\"container\" data-e-type=\"container\">\n\t\t\t\t<div class=\"elementor-element elementor-element-522ab77 elementor-widget elementor-widget-video\" data-id=\"522ab77\" data-element_type=\"widget\" data-e-type=\"widget\" data-settings=\"{&quot;video_type&quot;:&quot;vimeo&quot;}\" data-widget_type=\"video.default\">\n\t\t\t\t<div class=\"elementor-widget-container\">\n\t\t\t\t\t\t\t<div class=\"elementor-wrapper elementor-open-inline\">\n\t\t\t<iframe class=\"elementor-video-iframe\" allowfullscreen allow=\"clipboard-write\" title=\"vimeo videoafspiller\" src=\"https:\/\/player.vimeo.com\/video\/705829568?color&amp;autopause=0&amp;loop=0&amp;muted=0&amp;title=1&amp;portrait=1&amp;byline=1&amp;h=d2f8ebc52e#t=\"><\/iframe>\t\t<\/div>\n\t\t\t\t\t\t<\/div>\n\t\t\t\t<\/div>\n\t\t\t\t<\/div>\n\t\t\t\t\t<\/div>\n\t\t\t\t<\/div>\n\t\t<div class=\"elementor-element elementor-element-479f652 e-flex e-con-boxed e-con e-parent\" data-id=\"479f652\" data-element_type=\"container\" data-e-type=\"container\">\n\t\t\t\t\t<div class=\"e-con-inner\">\n\t\t<div class=\"elementor-element elementor-element-986fdcb e-con-full e-flex e-con e-child\" data-id=\"986fdcb\" data-element_type=\"container\" data-e-type=\"container\">\n\t\t\t\t<div class=\"elementor-element elementor-element-dbfd007 elementor-widget elementor-widget-image\" data-id=\"dbfd007\" data-element_type=\"widget\" data-e-type=\"widget\" data-widget_type=\"image.default\">\n\t\t\t\t<div class=\"elementor-widget-container\">\n\t\t\t\t\t\t\t\t\t\t\t\t\t\t\t<img fetchpriority=\"high\" decoding=\"async\" width=\"600\" height=\"371\" src=\"https:\/\/tradedesk.dk\/blog\/wp-content\/uploads\/2024\/11\/f69e0129998019cd35ed9828ed786d1d.png\" class=\"attachment-large size-large wp-image-2382\" alt=\"\" srcset=\"https:\/\/tradedesk.dk\/blog\/wp-content\/uploads\/2024\/11\/f69e0129998019cd35ed9828ed786d1d.png 600w, https:\/\/tradedesk.dk\/blog\/wp-content\/uploads\/2024\/11\/f69e0129998019cd35ed9828ed786d1d-300x186.png 300w\" sizes=\"(max-width: 600px) 100vw, 600px\" \/>\t\t\t\t\t\t\t\t\t\t\t\t\t\t\t<\/div>\n\t\t\t\t<\/div>\n\t\t\t\t<\/div>\n\t\t<div class=\"elementor-element elementor-element-681204c e-con-full e-flex e-con e-child\" data-id=\"681204c\" data-element_type=\"container\" data-e-type=\"container\">\n\t\t\t\t<div class=\"elementor-element elementor-element-682bacb elementor-widget elementor-widget-heading\" data-id=\"682bacb\" data-element_type=\"widget\" data-e-type=\"widget\" data-widget_type=\"heading.default\">\n\t\t\t\t<div class=\"elementor-widget-container\">\n\t\t\t\t\t<span class=\"elementor-heading-title elementor-size-default\">88% af vores brugere vil anbefale TradeDesk til venner og familie.\n<\/span>\t\t\t\t<\/div>\n\t\t\t\t<\/div>\n\t\t\t\t<div class=\"elementor-element elementor-element-4485568 elementor-widget elementor-widget-text-editor\" data-id=\"4485568\" data-element_type=\"widget\" data-e-type=\"widget\" data-widget_type=\"text-editor.default\">\n\t\t\t\t<div class=\"elementor-widget-container\">\n\t\t\t\t\t\t\t\t\t<p>* data fra vores sidste bruger unders\u00f8gelse i april 2022. Tilslut dig hundredevis af danske investorer, der dagligt bruger TradeDesk til at fjerne tvivl og stress fra deres aktiehandler.<\/p>\t\t\t\t\t\t\t\t<\/div>\n\t\t\t\t<\/div>\n\t\t\t\t<\/div>\n\t\t\t\t\t<\/div>\n\t\t\t\t<\/div>\n\t\t\t\t<\/div>\n\t\t","protected":false},"excerpt":{"rendered":"<p>Poul-Erik H\u00f8jbjerg p\u00e5 72 \u00e5r &#8220;Jeg har haft meget stor gl\u00e6de af at bruge TradeDesken [&hellip;]<\/p>\n","protected":false},"author":5,"featured_media":0,"parent":0,"menu_order":0,"comment_status":"closed","ping_status":"closed","template":"elementor_header_footer","meta":{"footnotes":""},"class_list":["post-2378","page","type-page","status-publish","hentry"],"yoast_head":"<!-- This site is optimized with the Yoast SEO Premium plugin v27.2 (Yoast SEO v27.3) - https:\/\/yoast.com\/product\/yoast-seo-premium-wordpress\/ -->\n<title>H\u00f8r hvad brugere siger om TradeDesk &#8212; TradeDesk<\/title>\n<meta name=\"robots\" content=\"index, follow, max-snippet:-1, max-image-preview:large, max-video-preview:-1\" \/>\n<link rel=\"canonical\" href=\"https:\/\/tradedesk.dk\/blog\/reviews\/\" \/>\n<meta property=\"og:locale\" content=\"da_DK\" \/>\n<meta property=\"og:type\" content=\"article\" \/>\n<meta property=\"og:title\" content=\"H\u00f8r hvad brugere siger om TradeDesk\" \/>\n<meta property=\"og:description\" content=\"Poul-Erik H\u00f8jbjerg p\u00e5 72 \u00e5r &#8220;Jeg har haft meget stor gl\u00e6de af at bruge TradeDesken [&hellip;]\" \/>\n<meta property=\"og:url\" content=\"https:\/\/tradedesk.dk\/blog\/reviews\/\" \/>\n<meta property=\"og:site_name\" content=\"TradeDesk\" \/>\n<meta property=\"article:publisher\" content=\"https:\/\/www.facebook.com\/groups\/Aktiebosserne\" \/>\n<meta property=\"article:modified_time\" content=\"2024-11-27T14:31:23+00:00\" \/>\n<meta property=\"og:image\" content=\"https:\/\/tradedesk.dk\/blog\/wp-content\/uploads\/2024\/11\/f69e0129998019cd35ed9828ed786d1d.png\" \/>\n\t<meta property=\"og:image:width\" content=\"600\" \/>\n\t<meta property=\"og:image:height\" content=\"371\" \/>\n\t<meta property=\"og:image:type\" content=\"image\/png\" \/>\n<meta name=\"twitter:card\" content=\"summary_large_image\" \/>\n<meta name=\"twitter:label1\" content=\"Estimeret l\u00e6setid\" \/>\n\t<meta name=\"twitter:data1\" content=\"2 minutter\" \/>\n<script type=\"application\/ld+json\" class=\"yoast-schema-graph\">{\"@context\":\"https:\\\/\\\/schema.org\",\"@graph\":[{\"@type\":\"WebPage\",\"@id\":\"https:\\\/\\\/tradedesk.dk\\\/blog\\\/reviews\\\/\",\"url\":\"https:\\\/\\\/tradedesk.dk\\\/blog\\\/reviews\\\/\",\"name\":\"H\u00f8r hvad brugere siger om TradeDesk &#8212; TradeDesk\",\"isPartOf\":{\"@id\":\"https:\\\/\\\/tradedesk.dk\\\/blog\\\/#website\"},\"primaryImageOfPage\":{\"@id\":\"https:\\\/\\\/tradedesk.dk\\\/blog\\\/reviews\\\/#primaryimage\"},\"image\":{\"@id\":\"https:\\\/\\\/tradedesk.dk\\\/blog\\\/reviews\\\/#primaryimage\"},\"thumbnailUrl\":\"https:\\\/\\\/tradedesk.dk\\\/blog\\\/wp-content\\\/uploads\\\/2024\\\/11\\\/f69e0129998019cd35ed9828ed786d1d.png\",\"datePublished\":\"2024-10-27T14:04:00+00:00\",\"dateModified\":\"2024-11-27T14:31:23+00:00\",\"breadcrumb\":{\"@id\":\"https:\\\/\\\/tradedesk.dk\\\/blog\\\/reviews\\\/#breadcrumb\"},\"inLanguage\":\"da-DK\",\"potentialAction\":[{\"@type\":\"ReadAction\",\"target\":[\"https:\\\/\\\/tradedesk.dk\\\/blog\\\/reviews\\\/\"]}]},{\"@type\":\"ImageObject\",\"inLanguage\":\"da-DK\",\"@id\":\"https:\\\/\\\/tradedesk.dk\\\/blog\\\/reviews\\\/#primaryimage\",\"url\":\"https:\\\/\\\/tradedesk.dk\\\/blog\\\/wp-content\\\/uploads\\\/2024\\\/11\\\/f69e0129998019cd35ed9828ed786d1d.png\",\"contentUrl\":\"https:\\\/\\\/tradedesk.dk\\\/blog\\\/wp-content\\\/uploads\\\/2024\\\/11\\\/f69e0129998019cd35ed9828ed786d1d.png\",\"width\":600,\"height\":371},{\"@type\":\"BreadcrumbList\",\"@id\":\"https:\\\/\\\/tradedesk.dk\\\/blog\\\/reviews\\\/#breadcrumb\",\"itemListElement\":[{\"@type\":\"ListItem\",\"position\":1,\"name\":\"Home\",\"item\":\"https:\\\/\\\/tradedesk.dk\\\/blog\\\/\"},{\"@type\":\"ListItem\",\"position\":2,\"name\":\"H\u00f8r hvad brugere siger om TradeDesk\"}]},{\"@type\":\"WebSite\",\"@id\":\"https:\\\/\\\/tradedesk.dk\\\/blog\\\/#website\",\"url\":\"https:\\\/\\\/tradedesk.dk\\\/blog\\\/\",\"name\":\"TradeDesk\",\"description\":\"Aktier og Investering\",\"publisher\":{\"@id\":\"https:\\\/\\\/tradedesk.dk\\\/blog\\\/#organization\"},\"potentialAction\":[{\"@type\":\"SearchAction\",\"target\":{\"@type\":\"EntryPoint\",\"urlTemplate\":\"https:\\\/\\\/tradedesk.dk\\\/blog\\\/?s={search_term_string}\"},\"query-input\":{\"@type\":\"PropertyValueSpecification\",\"valueRequired\":true,\"valueName\":\"search_term_string\"}}],\"inLanguage\":\"da-DK\"},{\"@type\":\"Organization\",\"@id\":\"https:\\\/\\\/tradedesk.dk\\\/blog\\\/#organization\",\"name\":\"TradeDesk\",\"url\":\"https:\\\/\\\/tradedesk.dk\\\/blog\\\/\",\"logo\":{\"@type\":\"ImageObject\",\"inLanguage\":\"da-DK\",\"@id\":\"https:\\\/\\\/tradedesk.dk\\\/blog\\\/#\\\/schema\\\/logo\\\/image\\\/\",\"url\":\"https:\\\/\\\/tradedesk.dk\\\/blog\\\/wp-content\\\/uploads\\\/2024\\\/06\\\/tradedesk_logo.png\",\"contentUrl\":\"https:\\\/\\\/tradedesk.dk\\\/blog\\\/wp-content\\\/uploads\\\/2024\\\/06\\\/tradedesk_logo.png\",\"width\":140,\"height\":160,\"caption\":\"TradeDesk\"},\"image\":{\"@id\":\"https:\\\/\\\/tradedesk.dk\\\/blog\\\/#\\\/schema\\\/logo\\\/image\\\/\"},\"sameAs\":[\"https:\\\/\\\/www.facebook.com\\\/groups\\\/Aktiebosserne\"]}]}<\/script>\n<!-- \/ Yoast SEO Premium plugin. -->","yoast_head_json":{"title":"H\u00f8r hvad brugere siger om TradeDesk &#8212; TradeDesk","robots":{"index":"index","follow":"follow","max-snippet":"max-snippet:-1","max-image-preview":"max-image-preview:large","max-video-preview":"max-video-preview:-1"},"canonical":"https:\/\/tradedesk.dk\/blog\/reviews\/","og_locale":"da_DK","og_type":"article","og_title":"H\u00f8r hvad brugere siger om TradeDesk","og_description":"Poul-Erik H\u00f8jbjerg p\u00e5 72 \u00e5r &#8220;Jeg har haft meget stor gl\u00e6de af at bruge TradeDesken [&hellip;]","og_url":"https:\/\/tradedesk.dk\/blog\/reviews\/","og_site_name":"TradeDesk","article_publisher":"https:\/\/www.facebook.com\/groups\/Aktiebosserne","article_modified_time":"2024-11-27T14:31:23+00:00","og_image":[{"width":600,"height":371,"url":"https:\/\/tradedesk.dk\/blog\/wp-content\/uploads\/2024\/11\/f69e0129998019cd35ed9828ed786d1d.png","type":"image\/png"}],"twitter_card":"summary_large_image","twitter_misc":{"Estimeret l\u00e6setid":"2 minutter"},"schema":{"@context":"https:\/\/schema.org","@graph":[{"@type":"WebPage","@id":"https:\/\/tradedesk.dk\/blog\/reviews\/","url":"https:\/\/tradedesk.dk\/blog\/reviews\/","name":"H\u00f8r hvad brugere siger om TradeDesk &#8212; TradeDesk","isPartOf":{"@id":"https:\/\/tradedesk.dk\/blog\/#website"},"primaryImageOfPage":{"@id":"https:\/\/tradedesk.dk\/blog\/reviews\/#primaryimage"},"image":{"@id":"https:\/\/tradedesk.dk\/blog\/reviews\/#primaryimage"},"thumbnailUrl":"https:\/\/tradedesk.dk\/blog\/wp-content\/uploads\/2024\/11\/f69e0129998019cd35ed9828ed786d1d.png","datePublished":"2024-10-27T14:04:00+00:00","dateModified":"2024-11-27T14:31:23+00:00","breadcrumb":{"@id":"https:\/\/tradedesk.dk\/blog\/reviews\/#breadcrumb"},"inLanguage":"da-DK","potentialAction":[{"@type":"ReadAction","target":["https:\/\/tradedesk.dk\/blog\/reviews\/"]}]},{"@type":"ImageObject","inLanguage":"da-DK","@id":"https:\/\/tradedesk.dk\/blog\/reviews\/#primaryimage","url":"https:\/\/tradedesk.dk\/blog\/wp-content\/uploads\/2024\/11\/f69e0129998019cd35ed9828ed786d1d.png","contentUrl":"https:\/\/tradedesk.dk\/blog\/wp-content\/uploads\/2024\/11\/f69e0129998019cd35ed9828ed786d1d.png","width":600,"height":371},{"@type":"BreadcrumbList","@id":"https:\/\/tradedesk.dk\/blog\/reviews\/#breadcrumb","itemListElement":[{"@type":"ListItem","position":1,"name":"Home","item":"https:\/\/tradedesk.dk\/blog\/"},{"@type":"ListItem","position":2,"name":"H\u00f8r hvad brugere siger om TradeDesk"}]},{"@type":"WebSite","@id":"https:\/\/tradedesk.dk\/blog\/#website","url":"https:\/\/tradedesk.dk\/blog\/","name":"TradeDesk","description":"Aktier og Investering","publisher":{"@id":"https:\/\/tradedesk.dk\/blog\/#organization"},"potentialAction":[{"@type":"SearchAction","target":{"@type":"EntryPoint","urlTemplate":"https:\/\/tradedesk.dk\/blog\/?s={search_term_string}"},"query-input":{"@type":"PropertyValueSpecification","valueRequired":true,"valueName":"search_term_string"}}],"inLanguage":"da-DK"},{"@type":"Organization","@id":"https:\/\/tradedesk.dk\/blog\/#organization","name":"TradeDesk","url":"https:\/\/tradedesk.dk\/blog\/","logo":{"@type":"ImageObject","inLanguage":"da-DK","@id":"https:\/\/tradedesk.dk\/blog\/#\/schema\/logo\/image\/","url":"https:\/\/tradedesk.dk\/blog\/wp-content\/uploads\/2024\/06\/tradedesk_logo.png","contentUrl":"https:\/\/tradedesk.dk\/blog\/wp-content\/uploads\/2024\/06\/tradedesk_logo.png","width":140,"height":160,"caption":"TradeDesk"},"image":{"@id":"https:\/\/tradedesk.dk\/blog\/#\/schema\/logo\/image\/"},"sameAs":["https:\/\/www.facebook.com\/groups\/Aktiebosserne"]}]}},"jetpack-related-posts":[{"id":2116,"url":"https:\/\/tradedesk.dk\/blog\/thats-how-it-works\/","url_meta":{"origin":2378,"position":0},"title":"S\u00e5dan virker det","author":"siawa rao","date":"2024-11-10","format":false,"excerpt":"TradeDesk hj\u00e6lper dig med at undg\u00e5 store tab og finde de bedste aktier i markedetSe hvordan TradeDesk hj\u00e6lper dig i vores demo af Guldpakken Stop med at gamble med din finansielle fremtidTr\u00e6f i stedet bedre, datadrevne beslutninger med TradeDesk Slut med store tab og holde p\u00e5 taberaktier \u200bSlut med at\u2026","rel":"","context":"Similar post","block_context":{"text":"Similar post","link":""},"img":{"alt_text":"","src":"https:\/\/i0.wp.com\/tradedesk.dk\/blog\/wp-content\/uploads\/2024\/11\/2.png?resize=350%2C200&ssl=1","width":350,"height":200,"srcset":"https:\/\/i0.wp.com\/tradedesk.dk\/blog\/wp-content\/uploads\/2024\/11\/2.png?resize=350%2C200&ssl=1 1x, https:\/\/i0.wp.com\/tradedesk.dk\/blog\/wp-content\/uploads\/2024\/11\/2.png?resize=525%2C300&ssl=1 1.5x, https:\/\/i0.wp.com\/tradedesk.dk\/blog\/wp-content\/uploads\/2024\/11\/2.png?resize=700%2C400&ssl=1 2x"},"classes":[]},{"id":2576,"url":"https:\/\/tradedesk.dk\/blog\/9-danske-vinder-aktier-mini-offer\/","url_meta":{"origin":2378,"position":1},"title":"Vi har sendt e-bogen til dig.","author":"siawa rao","date":"2024-12-04","format":false,"excerpt":"Vi har sendt e-bogen til dig!\u00a0Den er i din mailboks om 2 min, men\u00a0kan ende i spam \/ promoveringer i din mailboks.Mens du venter, vil vi gerne\u00a0pr\u00e6sentere TradeDesk for dig\u00a0TradeDesk hj\u00e6lper dig med at undg\u00e5 store tab og finde de bedste aktier i markedet og vi har brugt TradeDesk til\u2026","rel":"","context":"Similar post","block_context":{"text":"Similar post","link":""},"img":{"alt_text":"","src":"https:\/\/i0.wp.com\/tradedesk.dk\/blog\/wp-content\/uploads\/2024\/11\/lyn-analyse.jpg?resize=350%2C200&ssl=1","width":350,"height":200,"srcset":"https:\/\/i0.wp.com\/tradedesk.dk\/blog\/wp-content\/uploads\/2024\/11\/lyn-analyse.jpg?resize=350%2C200&ssl=1 1x, https:\/\/i0.wp.com\/tradedesk.dk\/blog\/wp-content\/uploads\/2024\/11\/lyn-analyse.jpg?resize=525%2C300&ssl=1 1.5x, https:\/\/i0.wp.com\/tradedesk.dk\/blog\/wp-content\/uploads\/2024\/11\/lyn-analyse.jpg?resize=700%2C400&ssl=1 2x"},"classes":[]},{"id":2631,"url":"https:\/\/tradedesk.dk\/blog\/mini-offer\/","url_meta":{"origin":2378,"position":2},"title":"Pr\u00f8v TradeDesk i en mdr til 47 kr","author":"siawa rao","date":"2025-01-10","format":false,"excerpt":"TradeDesk hj\u00e6lper finde de bedste aktier i aktiemarkedet Inden du k\u00f8ber - check aktien i TradeDesk Slut med store tab og holde p\u00e5 taberaktier \u200bSlut med at v\u00e6lge aktier med mavefornemmelsen \u200bSlut med ikke at f\u00e5 holdt \u00f8je og eksekveret Find de bedste aktier i markedet nemt og hurtigt \u200bOpn\u00e5\u2026","rel":"","context":"Similar post","block_context":{"text":"Similar post","link":""},"img":{"alt_text":"","src":"https:\/\/i0.wp.com\/tradedesk.dk\/blog\/wp-content\/uploads\/2025\/01\/Poul.png?resize=350%2C200&ssl=1","width":350,"height":200,"srcset":"https:\/\/i0.wp.com\/tradedesk.dk\/blog\/wp-content\/uploads\/2025\/01\/Poul.png?resize=350%2C200&ssl=1 1x, https:\/\/i0.wp.com\/tradedesk.dk\/blog\/wp-content\/uploads\/2025\/01\/Poul.png?resize=525%2C300&ssl=1 1.5x"},"classes":[]},{"id":2398,"url":"https:\/\/tradedesk.dk\/blog\/sektorer\/","url_meta":{"origin":2378,"position":3},"title":"Find vinderne nemt med sektorv\u00e6rkt\u00f8jet hos TradeDesk","author":"siawa rao","date":"2024-11-27","format":false,"excerpt":"Find de rigtige aktier \"Sektorv\u00e6rkt\u00f8jet er det perfekte sted at starte\"Lars f\u00f8lte tidligere, at det var sv\u00e6rt at overskue aktiemarkedet og finde de aktier, som han burde satse p\u00e5.\"Det er s\u00e5 nemt at bruge og finde de rigtige aktier p\u00e5 et kort \u00f8jeblik og det g\u00e6lder alle 11 sektorer i\u2026","rel":"","context":"Similar post","block_context":{"text":"Similar post","link":""},"img":{"alt_text":"","src":"","width":0,"height":0},"classes":[]},{"id":2413,"url":"https:\/\/tradedesk.dk\/blog\/scans\/","url_meta":{"origin":2378,"position":4},"title":"Den Ultimative Aktiescanner &#8211; Find vinderne uden at r\u00f8re en finger.","author":"siawa rao","date":"2024-11-27","format":false,"excerpt":"https:\/\/player.vimeo.com\/video\/766442636?h=67e6f65715&badge=0&autopause=0&player_id=0&app_id=58479 Find toptunede, k\u00f8bsklare kandidator med kun 1 klik. Spar timer med at l\u00e6se nyheder og regnskaber - Brug din tid, hvor den er vigtig. Vi viser dig KUN de aktier, som er relevante nu. Dvs. De aktier, som er de bedste m\u00e5lt p\u00e5 priss\u00e6tning, momentum og kvalitet til at\u2026","rel":"","context":"Similar post","block_context":{"text":"Similar post","link":""},"img":{"alt_text":"","src":"","width":0,"height":0},"classes":[]},{"id":1986,"url":"https:\/\/tradedesk.dk\/blog\/faq\/","url_meta":{"origin":2378,"position":5},"title":"F\u00e5 daglige aktieanalyser | TradeDesk","author":"siawa rao","date":"2024-11-10","format":false,"excerpt":"Hj\u00e6lp Hvorn\u00e5r skal jeg g\u00e5 ind i en aktie?N\u00e5r aktien er i optrend, eller har lavet en bundformation og retningen er skiftet. Lad v\u00e6re med at g\u00e5 ind i en aktie lige op til et regnskab.\u2028 Vent til markedet har besluttet sig og aktien er mindre volatil. Hvordan man minimerer\u2026","rel":"","context":"Similar post","block_context":{"text":"Similar post","link":""},"img":{"alt_text":"","src":"","width":0,"height":0},"classes":[]}],"jetpack_sharing_enabled":true,"jetpack_shortlink":"https:\/\/wp.me\/PfSnVH-Cm","_links":{"self":[{"href":"https:\/\/tradedesk.dk\/blog\/wp-json\/wp\/v2\/pages\/2378","targetHints":{"allow":["GET"]}}],"collection":[{"href":"https:\/\/tradedesk.dk\/blog\/wp-json\/wp\/v2\/pages"}],"about":[{"href":"https:\/\/tradedesk.dk\/blog\/wp-json\/wp\/v2\/types\/page"}],"author":[{"embeddable":true,"href":"https:\/\/tradedesk.dk\/blog\/wp-json\/wp\/v2\/users\/5"}],"replies":[{"embeddable":true,"href":"https:\/\/tradedesk.dk\/blog\/wp-json\/wp\/v2\/comments?post=2378"}],"version-history":[{"count":8,"href":"https:\/\/tradedesk.dk\/blog\/wp-json\/wp\/v2\/pages\/2378\/revisions"}],"predecessor-version":[{"id":2388,"href":"https:\/\/tradedesk.dk\/blog\/wp-json\/wp\/v2\/pages\/2378\/revisions\/2388"}],"wp:attachment":[{"href":"https:\/\/tradedesk.dk\/blog\/wp-json\/wp\/v2\/media?parent=2378"}],"curies":[{"name":"wp","href":"https:\/\/api.w.org\/{rel}","templated":true}]}}