{"id":2090,"date":"2024-11-10T20:30:20","date_gmt":"2024-11-10T20:30:20","guid":{"rendered":"https:\/\/tradedesk.dk\/blog\/?page_id=2090"},"modified":"2024-11-10T20:37:04","modified_gmt":"2024-11-10T20:37:04","slug":"conditions","status":"publish","type":"page","link":"https:\/\/tradedesk.dk\/blog\/conditions\/","title":{"rendered":"Handels- og abonnementsbetingelser"},"content":{"rendered":"\t\t<div data-elementor-type=\"wp-page\" data-elementor-id=\"2090\" class=\"elementor elementor-2090\">\n\t\t\t\t<div class=\"elementor-element elementor-element-52c5eab e-flex e-con-boxed e-con e-parent\" data-id=\"52c5eab\" data-element_type=\"container\" data-e-type=\"container\">\n\t\t\t\t\t<div class=\"e-con-inner\">\n\t\t\t\t<div class=\"elementor-element elementor-element-8a294cc elementor-widget elementor-widget-heading\" data-id=\"8a294cc\" data-element_type=\"widget\" data-e-type=\"widget\" data-widget_type=\"heading.default\">\n\t\t\t\t<div class=\"elementor-widget-container\">\n\t\t\t\t\t<p class=\"elementor-heading-title elementor-size-default\">Handels- og abonnementsbetingelser<\/p>\t\t\t\t<\/div>\n\t\t\t\t<\/div>\n\t\t\t\t<div class=\"elementor-element elementor-element-f3020f8 elementor-widget elementor-widget-text-editor\" data-id=\"f3020f8\" data-element_type=\"widget\" data-e-type=\"widget\" data-widget_type=\"text-editor.default\">\n\t\t\t\t<div class=\"elementor-widget-container\">\n\t\t\t\t\t\t\t\t\t<p><strong>Betaling<\/strong><br \/>Alle abonnementer betales en m\u00e5ned forud. S\u00e5fremt der ikke kan tr\u00e6kkes penge fra dit kreditkort (VISA eller MasterCard), vil dit abonnement blive opsagt pga. manglende betaling, efter 2 advarsler pa\u030a e-mail. Vi tager ingen kortgebyrer. Kontooverf\u00f8rsel er IKKE mulig &#8211; kun k\u00f8b pr. kreditkort.<\/p><p><strong>Levering<\/strong><br \/>TradeDesk leverer en opdatering pr. handelsdag i Danmark. Opdateringen sker om aftenen\/natten, sa\u030a du har opdateringen inden aktiemarkedet \u00e5bner i Danmark. TradeDesk er kun ansvarlig for afsendelsen af e-mailen, og kan ikke holdes ansvarlig for hvad der sker i din ende. (Check din web-email og dit spamfilter. Ofte kan en manglede e- mail findes her.) Alpha er et selvst\u00e6ndigt produkt. Den indg\u00e5r dog i Guld-pakken, men ikke i S\u00f8lv-pakken.<\/p><p><strong>Ansvarsfriskrivelse<\/strong><br \/>TradeDesk kan ikke holdes ansvarlig p\u00e5 nogen m\u00e5de for udviklingen i aktier, eller tab som f\u00f8lge af aktiehandel, hvor TradeDesks analyser er blevet brugt. Teknisk analyse kan ikke forudsige fremtiden og store nyheder kan \u00e6ndre trenden pa\u030a et \u00f8jeblik. Historisk performance giver ingen garanti for et fremtidigt afkast og al investering er risikabelt. Du har selv ansvaret for dine aktiehandler. TradeDesk yder ikke personlig r\u00e5dgivning. Anbefalingerne er lavet p\u00e5 baggrund af prisbev\u00e6gelser og sker 100% automatisk.<\/p><p><strong>Din aftale med TradeDesk<\/strong><br \/>Din bruger er personlig og m\u00e5 ikke deles med andre. Du ma\u030a ikke videresende \u201dAlpha\u201d, eller din portef\u00f8lje-e-mail til andre. Brugere har ikke ret til at offentligg\u00f8re, dele eller videredistribuere indhold, med mindre man har indg\u00e5et aftale herom med TradeDesk. Det er heller ikke tilladt \u2013 maskinelt eller pa\u030a anden m\u00e5de, via programmer eller andet \u2013 at indhente eller bearbejde materiale p\u00e5 anden m\u00e5de, end hvad TradeDesk udtrykkeligt har givet tilladelse til. Du k\u00f8ber en ikke-kommerciel licens, som kun m\u00e5 anvendes af ikke professionelle investorer.<\/p><p><strong>Opsigelse af TradeDesk abonnement<\/strong><br \/>Opsigelse af abonnement sker pr. e-mail til kundeservice@tradedesk.dk, helst 3 hverdage inden n\u00e6ste betaling (abonnementsfornyelse.) Din opsigelse er effektueret, s\u00e5 snart du modtager en bekr\u00e6ftelse pr. e-mail. Dit abonnement vil derefter udl\u00f8be, n\u00e5r den nuv\u00e6rende betaling udl\u00f8ber.<\/p><p><strong>M\u00e5nedsbetaling<\/strong><br \/>Du kan stoppe, eller afmelde dit abonnement, n\u00e5r du har lyst, helt uden binding.<\/p><p><strong>\u00c5rsbetaling<\/strong><br \/>Abonnementerne kan opsiges efter 5 m\u00e5neder med 1 m\u00e5neds varsel til udgangen af en m\u00e5ned.<\/p><p><strong>Kurser og mentorforl\u00f8b<\/strong><br \/>G\u00e6ldende for kurser med 1-1 tid: For at sikre, at du f\u00e5r det maksimale ud af dit kursus, eller mentorforl\u00f8b, sa\u030a skal det gennemf\u00f8res indenfor rimelig tid (sa\u030a vi ikke skal starte forfra hver gang). Det betyder, at du maksimalt m\u00e5 blive 2 uger forsinket p\u00e5 undervisningsforl\u00f8b. Hvis du bliver mere end 2 uger forsinket, s\u00e5 vil din 1-1 tid frafalde for den uge, hvor du er 2 uger eller mere forsinket, i forhold til startdatoen for den givne uge i dit kursus \/ mentorforl\u00f8b.<\/p><p><strong>Kurser + tidligere l\u00e6ringsforl\u00f8b<\/strong><br \/>Du har som udgangspunkt adgang til k\u00f8bte kurser s\u00e5 l\u00e6nge TradeDesk eksisterer.<\/p><p><strong>Fortrydelsesret<\/strong><br \/>Der gives 30 dages pengene tilbagegaranti p\u00e5 m\u00e5nedsabonnementerne &#8211; men du skal g\u00f8re os opm\u00e6rksom p\u00e5, at \u00f8nsker at bruge 30 dages garantien pr. email inden da. For alt andet g\u00e6lder den almindelige fortrydelsesret p\u00e5 14 dage. Fortrydelsesfristen udl\u00f8ber med andre ord 14 dage efter den dag, vi har lavet aftalen. Fristen indeb\u00e6rer, at du har 14 dage fra aftaledagen til at give os besked om, at du vil fortryde. Du kan sende en mail til kundeservice@tradedesk.dk eller benytte standardfortrydelsesformularen, som du finder nederst i betingelserne.<\/p><p><strong>Tilbagebetaling<\/strong><br \/>Hvis du fortryder dit k\u00f8b, f\u00e5r du dine penge tilbage. Har du givet dit samtykke til, at leveringen kan g\u00e5 i gang, og \u00f8nsker du alligevel at fortryde, skal du dog v\u00e6re opm\u00e6rksom p\u00e5, at vi vil opkr\u00e6ve en rimelig betaling, for den del af abonnementet, der allerede er leveret. Da der er tale om en l\u00f8bende aftale af ubestemt varighed, fasts\u00e6ttes prisen pr. dag set i forhold til opfyldelse af aftalen i en 1-\u00e5rig periode. Vi refunderer bel\u00f8bet til dig uden un\u00f8dig forsinkelse og senest 14 dage fra den dag, hvor vi har modtaget besked om at du vil fortryde aftalen. Vi tilbagef\u00f8rer pengene med samme betalingsmiddel, som du benyttede ved k\u00f8bet, medmindre vi har aftalt andet.<\/p><p><strong>Hvis der er noget galt med abonnementet<\/strong><br \/>K\u00f8belovens mangelsregler g\u00e6lder ikke for abonnementer, men hvis du ikke er tilfreds med abonnementet, eller der er noget galt med produktet, m\u00e5 du endelig kontakte os p\u00e5 kundeservice@tradedesk.dk<\/p><p><strong>Tr\u00e6k p\u00e5 dit kort<\/strong><br \/>Du kan til enhver tid tilbagekalde din tilladelse til, at vi tr\u00e6kker et bel\u00f8b p\u00e5 dit kort. Du kan ogs\u00e5 g\u00f8re indsigelse vedr\u00f8rende \u201duautoriserede debiteringer\u201d over for din kortudbyder, dog senest 8 uger efter debiteringen, med mindre andet fremg\u00e5r af din aftale med kortudbyderen.<\/p><p><strong>Kortdata<\/strong><br \/>Hvis du f\u00e5r nyt kreditkort, s\u00e5 skal det opdateres i TradeDesk under indstillinger og betaling.<\/p><p><strong>Klageadgang<\/strong><br \/>Hvis du som forbruger vil klage over dit k\u00f8b, skal du kontakte kundeservice@tradedesk.dk. Hvis det ikke lykkes os at finde en l\u00f8sning, kan du sende en klage til: Center for Klagel\u00f8sning N\u00e6vnenes Hus Toldboden 2 8800 Viborg www.naevneneshus.dk Har du bop\u00e6l i et andet EU-land end Danmark, kan du klage til EU-Kommissionens online klageportal her &#8211; http:\/\/ec.europa.eu\/odr<\/p>\t\t\t\t\t\t\t\t<\/div>\n\t\t\t\t<\/div>\n\t\t\t\t\t<\/div>\n\t\t\t\t<\/div>\n\t\t\t\t<\/div>\n\t\t","protected":false},"excerpt":{"rendered":"<p>Handels- og abonnementsbetingelser BetalingAlle abonnementer betales en m\u00e5ned forud. S\u00e5fremt der ikke kan tr\u00e6kkes penge [&hellip;]<\/p>\n","protected":false},"author":5,"featured_media":0,"parent":0,"menu_order":0,"comment_status":"closed","ping_status":"closed","template":"elementor_header_footer","meta":{"footnotes":""},"class_list":["post-2090","page","type-page","status-publish","hentry"],"yoast_head":"<!-- This site is optimized with the Yoast SEO Premium plugin v27.2 (Yoast SEO v27.3) - https:\/\/yoast.com\/product\/yoast-seo-premium-wordpress\/ -->\n<title>Handels- og abonnementsbetingelser &#8212; TradeDesk<\/title>\n<meta name=\"robots\" content=\"index, follow, max-snippet:-1, max-image-preview:large, max-video-preview:-1\" \/>\n<link rel=\"canonical\" href=\"https:\/\/tradedesk.dk\/blog\/conditions\/\" \/>\n<meta property=\"og:locale\" content=\"da_DK\" \/>\n<meta property=\"og:type\" content=\"article\" \/>\n<meta property=\"og:title\" content=\"Handels- og abonnementsbetingelser\" \/>\n<meta property=\"og:description\" content=\"Handels- og abonnementsbetingelser BetalingAlle abonnementer betales en m\u00e5ned forud. S\u00e5fremt der ikke kan tr\u00e6kkes penge [&hellip;]\" \/>\n<meta property=\"og:url\" content=\"https:\/\/tradedesk.dk\/blog\/conditions\/\" \/>\n<meta property=\"og:site_name\" content=\"TradeDesk\" \/>\n<meta property=\"article:publisher\" content=\"https:\/\/www.facebook.com\/groups\/Aktiebosserne\" \/>\n<meta property=\"article:modified_time\" content=\"2024-11-10T20:37:04+00:00\" \/>\n<meta name=\"twitter:card\" content=\"summary_large_image\" \/>\n<meta name=\"twitter:label1\" content=\"Estimeret l\u00e6setid\" \/>\n\t<meta name=\"twitter:data1\" content=\"5 minutter\" \/>\n<script type=\"application\/ld+json\" class=\"yoast-schema-graph\">{\"@context\":\"https:\\\/\\\/schema.org\",\"@graph\":[{\"@type\":\"WebPage\",\"@id\":\"https:\\\/\\\/tradedesk.dk\\\/blog\\\/conditions\\\/\",\"url\":\"https:\\\/\\\/tradedesk.dk\\\/blog\\\/conditions\\\/\",\"name\":\"Handels- og abonnementsbetingelser &#8212; TradeDesk\",\"isPartOf\":{\"@id\":\"https:\\\/\\\/tradedesk.dk\\\/blog\\\/#website\"},\"datePublished\":\"2024-11-10T20:30:20+00:00\",\"dateModified\":\"2024-11-10T20:37:04+00:00\",\"breadcrumb\":{\"@id\":\"https:\\\/\\\/tradedesk.dk\\\/blog\\\/conditions\\\/#breadcrumb\"},\"inLanguage\":\"da-DK\",\"potentialAction\":[{\"@type\":\"ReadAction\",\"target\":[\"https:\\\/\\\/tradedesk.dk\\\/blog\\\/conditions\\\/\"]}]},{\"@type\":\"BreadcrumbList\",\"@id\":\"https:\\\/\\\/tradedesk.dk\\\/blog\\\/conditions\\\/#breadcrumb\",\"itemListElement\":[{\"@type\":\"ListItem\",\"position\":1,\"name\":\"Home\",\"item\":\"https:\\\/\\\/tradedesk.dk\\\/blog\\\/\"},{\"@type\":\"ListItem\",\"position\":2,\"name\":\"Handels- og abonnementsbetingelser\"}]},{\"@type\":\"WebSite\",\"@id\":\"https:\\\/\\\/tradedesk.dk\\\/blog\\\/#website\",\"url\":\"https:\\\/\\\/tradedesk.dk\\\/blog\\\/\",\"name\":\"TradeDesk\",\"description\":\"Aktier og Investering\",\"publisher\":{\"@id\":\"https:\\\/\\\/tradedesk.dk\\\/blog\\\/#organization\"},\"potentialAction\":[{\"@type\":\"SearchAction\",\"target\":{\"@type\":\"EntryPoint\",\"urlTemplate\":\"https:\\\/\\\/tradedesk.dk\\\/blog\\\/?s={search_term_string}\"},\"query-input\":{\"@type\":\"PropertyValueSpecification\",\"valueRequired\":true,\"valueName\":\"search_term_string\"}}],\"inLanguage\":\"da-DK\"},{\"@type\":\"Organization\",\"@id\":\"https:\\\/\\\/tradedesk.dk\\\/blog\\\/#organization\",\"name\":\"TradeDesk\",\"url\":\"https:\\\/\\\/tradedesk.dk\\\/blog\\\/\",\"logo\":{\"@type\":\"ImageObject\",\"inLanguage\":\"da-DK\",\"@id\":\"https:\\\/\\\/tradedesk.dk\\\/blog\\\/#\\\/schema\\\/logo\\\/image\\\/\",\"url\":\"https:\\\/\\\/tradedesk.dk\\\/blog\\\/wp-content\\\/uploads\\\/2024\\\/06\\\/tradedesk_logo.png\",\"contentUrl\":\"https:\\\/\\\/tradedesk.dk\\\/blog\\\/wp-content\\\/uploads\\\/2024\\\/06\\\/tradedesk_logo.png\",\"width\":140,\"height\":160,\"caption\":\"TradeDesk\"},\"image\":{\"@id\":\"https:\\\/\\\/tradedesk.dk\\\/blog\\\/#\\\/schema\\\/logo\\\/image\\\/\"},\"sameAs\":[\"https:\\\/\\\/www.facebook.com\\\/groups\\\/Aktiebosserne\"]}]}<\/script>\n<!-- \/ Yoast SEO Premium plugin. -->","yoast_head_json":{"title":"Handels- og abonnementsbetingelser &#8212; TradeDesk","robots":{"index":"index","follow":"follow","max-snippet":"max-snippet:-1","max-image-preview":"max-image-preview:large","max-video-preview":"max-video-preview:-1"},"canonical":"https:\/\/tradedesk.dk\/blog\/conditions\/","og_locale":"da_DK","og_type":"article","og_title":"Handels- og abonnementsbetingelser","og_description":"Handels- og abonnementsbetingelser BetalingAlle abonnementer betales en m\u00e5ned forud. S\u00e5fremt der ikke kan tr\u00e6kkes penge [&hellip;]","og_url":"https:\/\/tradedesk.dk\/blog\/conditions\/","og_site_name":"TradeDesk","article_publisher":"https:\/\/www.facebook.com\/groups\/Aktiebosserne","article_modified_time":"2024-11-10T20:37:04+00:00","twitter_card":"summary_large_image","twitter_misc":{"Estimeret l\u00e6setid":"5 minutter"},"schema":{"@context":"https:\/\/schema.org","@graph":[{"@type":"WebPage","@id":"https:\/\/tradedesk.dk\/blog\/conditions\/","url":"https:\/\/tradedesk.dk\/blog\/conditions\/","name":"Handels- og abonnementsbetingelser &#8212; TradeDesk","isPartOf":{"@id":"https:\/\/tradedesk.dk\/blog\/#website"},"datePublished":"2024-11-10T20:30:20+00:00","dateModified":"2024-11-10T20:37:04+00:00","breadcrumb":{"@id":"https:\/\/tradedesk.dk\/blog\/conditions\/#breadcrumb"},"inLanguage":"da-DK","potentialAction":[{"@type":"ReadAction","target":["https:\/\/tradedesk.dk\/blog\/conditions\/"]}]},{"@type":"BreadcrumbList","@id":"https:\/\/tradedesk.dk\/blog\/conditions\/#breadcrumb","itemListElement":[{"@type":"ListItem","position":1,"name":"Home","item":"https:\/\/tradedesk.dk\/blog\/"},{"@type":"ListItem","position":2,"name":"Handels- og abonnementsbetingelser"}]},{"@type":"WebSite","@id":"https:\/\/tradedesk.dk\/blog\/#website","url":"https:\/\/tradedesk.dk\/blog\/","name":"TradeDesk","description":"Aktier og Investering","publisher":{"@id":"https:\/\/tradedesk.dk\/blog\/#organization"},"potentialAction":[{"@type":"SearchAction","target":{"@type":"EntryPoint","urlTemplate":"https:\/\/tradedesk.dk\/blog\/?s={search_term_string}"},"query-input":{"@type":"PropertyValueSpecification","valueRequired":true,"valueName":"search_term_string"}}],"inLanguage":"da-DK"},{"@type":"Organization","@id":"https:\/\/tradedesk.dk\/blog\/#organization","name":"TradeDesk","url":"https:\/\/tradedesk.dk\/blog\/","logo":{"@type":"ImageObject","inLanguage":"da-DK","@id":"https:\/\/tradedesk.dk\/blog\/#\/schema\/logo\/image\/","url":"https:\/\/tradedesk.dk\/blog\/wp-content\/uploads\/2024\/06\/tradedesk_logo.png","contentUrl":"https:\/\/tradedesk.dk\/blog\/wp-content\/uploads\/2024\/06\/tradedesk_logo.png","width":140,"height":160,"caption":"TradeDesk"},"image":{"@id":"https:\/\/tradedesk.dk\/blog\/#\/schema\/logo\/image\/"},"sameAs":["https:\/\/www.facebook.com\/groups\/Aktiebosserne"]}]}},"jetpack-related-posts":[{"id":2116,"url":"https:\/\/tradedesk.dk\/blog\/thats-how-it-works\/","url_meta":{"origin":2090,"position":0},"title":"S\u00e5dan virker det","author":"siawa rao","date":"2024-11-10","format":false,"excerpt":"TradeDesk hj\u00e6lper dig med at undg\u00e5 store tab og finde de bedste aktier i markedetSe hvordan TradeDesk hj\u00e6lper dig i vores demo af Guldpakken Stop med at gamble med din finansielle fremtidTr\u00e6f i stedet bedre, datadrevne beslutninger med TradeDesk Slut med store tab og holde p\u00e5 taberaktier \u200bSlut med at\u2026","rel":"","context":"Similar post","block_context":{"text":"Similar post","link":""},"img":{"alt_text":"","src":"https:\/\/i0.wp.com\/tradedesk.dk\/blog\/wp-content\/uploads\/2024\/11\/2.png?resize=350%2C200&ssl=1","width":350,"height":200,"srcset":"https:\/\/i0.wp.com\/tradedesk.dk\/blog\/wp-content\/uploads\/2024\/11\/2.png?resize=350%2C200&ssl=1 1x, https:\/\/i0.wp.com\/tradedesk.dk\/blog\/wp-content\/uploads\/2024\/11\/2.png?resize=525%2C300&ssl=1 1.5x, https:\/\/i0.wp.com\/tradedesk.dk\/blog\/wp-content\/uploads\/2024\/11\/2.png?resize=700%2C400&ssl=1 2x"},"classes":[]},{"id":2576,"url":"https:\/\/tradedesk.dk\/blog\/9-danske-vinder-aktier-mini-offer\/","url_meta":{"origin":2090,"position":1},"title":"Vi har sendt e-bogen til dig.","author":"siawa rao","date":"2024-12-04","format":false,"excerpt":"Vi har sendt e-bogen til dig!\u00a0Den er i din mailboks om 2 min, men\u00a0kan ende i spam \/ promoveringer i din mailboks.Mens du venter, vil vi gerne\u00a0pr\u00e6sentere TradeDesk for dig\u00a0TradeDesk hj\u00e6lper dig med at undg\u00e5 store tab og finde de bedste aktier i markedet og vi har brugt TradeDesk til\u2026","rel":"","context":"Similar post","block_context":{"text":"Similar post","link":""},"img":{"alt_text":"","src":"https:\/\/i0.wp.com\/tradedesk.dk\/blog\/wp-content\/uploads\/2024\/11\/lyn-analyse.jpg?resize=350%2C200&ssl=1","width":350,"height":200,"srcset":"https:\/\/i0.wp.com\/tradedesk.dk\/blog\/wp-content\/uploads\/2024\/11\/lyn-analyse.jpg?resize=350%2C200&ssl=1 1x, https:\/\/i0.wp.com\/tradedesk.dk\/blog\/wp-content\/uploads\/2024\/11\/lyn-analyse.jpg?resize=525%2C300&ssl=1 1.5x, https:\/\/i0.wp.com\/tradedesk.dk\/blog\/wp-content\/uploads\/2024\/11\/lyn-analyse.jpg?resize=700%2C400&ssl=1 2x"},"classes":[]},{"id":2631,"url":"https:\/\/tradedesk.dk\/blog\/mini-offer\/","url_meta":{"origin":2090,"position":2},"title":"Pr\u00f8v TradeDesk i en mdr til 47 kr","author":"siawa rao","date":"2025-01-10","format":false,"excerpt":"TradeDesk hj\u00e6lper finde de bedste aktier i aktiemarkedet Inden du k\u00f8ber - check aktien i TradeDesk Slut med store tab og holde p\u00e5 taberaktier \u200bSlut med at v\u00e6lge aktier med mavefornemmelsen \u200bSlut med ikke at f\u00e5 holdt \u00f8je og eksekveret Find de bedste aktier i markedet nemt og hurtigt \u200bOpn\u00e5\u2026","rel":"","context":"Similar post","block_context":{"text":"Similar post","link":""},"img":{"alt_text":"","src":"https:\/\/i0.wp.com\/tradedesk.dk\/blog\/wp-content\/uploads\/2025\/01\/Poul.png?resize=350%2C200&ssl=1","width":350,"height":200,"srcset":"https:\/\/i0.wp.com\/tradedesk.dk\/blog\/wp-content\/uploads\/2025\/01\/Poul.png?resize=350%2C200&ssl=1 1x, https:\/\/i0.wp.com\/tradedesk.dk\/blog\/wp-content\/uploads\/2025\/01\/Poul.png?resize=525%2C300&ssl=1 1.5x"},"classes":[]},{"id":2431,"url":"https:\/\/tradedesk.dk\/blog\/9-danske-vinder-aktier\/","url_meta":{"origin":2090,"position":3},"title":"9 Danske Vinder Aktier","author":"siawa rao","date":"2024-11-27","format":false,"excerpt":"K\u00f8b ikke din n\u00e6ste aktie - f\u00f8r du har l\u00e6st \"9 Danske Vinderaktier\" \u00a0\u2013 De Private Investorers Guide til Sikre Langsigtede Investeringer 9 Danske Vinderaktier \u2013 Invest\u00e9r i Fremtidens Stjerner i dag\u00a0 Hent din gratis kopi af vores E-bog23 v\u00e6rdifulde sider fyldt med viden og 9 analyser, du ikke m\u00e5\u2026","rel":"","context":"Similar post","block_context":{"text":"Similar post","link":""},"img":{"alt_text":"","src":"https:\/\/i0.wp.com\/tradedesk.dk\/blog\/wp-content\/uploads\/2024\/11\/2-1.png?resize=350%2C200&ssl=1","width":350,"height":200,"srcset":"https:\/\/i0.wp.com\/tradedesk.dk\/blog\/wp-content\/uploads\/2024\/11\/2-1.png?resize=350%2C200&ssl=1 1x, https:\/\/i0.wp.com\/tradedesk.dk\/blog\/wp-content\/uploads\/2024\/11\/2-1.png?resize=525%2C300&ssl=1 1.5x, https:\/\/i0.wp.com\/tradedesk.dk\/blog\/wp-content\/uploads\/2024\/11\/2-1.png?resize=700%2C400&ssl=1 2x"},"classes":[]},{"id":1944,"url":"https:\/\/tradedesk.dk\/blog\/about\/","url_meta":{"origin":2090,"position":4},"title":"Om os | TradeDesk","author":"siawa rao","date":"2024-11-10","format":false,"excerpt":"Om TradeDesk TradeDesk er en dansk softwarevirksomhed specialiseret i aktieanalyse og handel, grundlagt i 2015 af Troels H\u00f8jbjerg. Med en dyb forst\u00e5else af markedsdynamikker og en passion for teknisk analyse, har TradeDesk skabt innovative l\u00f8sninger, der hj\u00e6lper private investorer med at navigere og trives i de komplekse finansielle markeder.\u00a0Vision bag\u2026","rel":"","context":"Similar post","block_context":{"text":"Similar post","link":""},"img":{"alt_text":"","src":"https:\/\/i0.wp.com\/tradedesk.dk\/blog\/wp-content\/uploads\/2024\/11\/troels-300x292.png?resize=350%2C200&ssl=1","width":350,"height":200},"classes":[]},{"id":2389,"url":"https:\/\/tradedesk.dk\/blog\/emails\/","url_meta":{"origin":2090,"position":5},"title":"H\u00f8r hvad brugere siger om TradeDesk.","author":"siawa rao","date":"2024-11-27","format":false,"excerpt":"Vi sender dig en email, hvis du skal g\u00f8re noget Mindre stress og lettere eksekvering. F\u00f8lg vores system og kom ud og ind af aktier i tide, n\u00e5r trenden vender. Vi sender dig en email med din portef\u00f8je, n\u00e5r du \u00f8nsker det, eller op til 2 gange i d\u00f8gnet med\u2026","rel":"","context":"Similar post","block_context":{"text":"Similar post","link":""},"img":{"alt_text":"","src":"","width":0,"height":0},"classes":[]}],"jetpack_sharing_enabled":true,"jetpack_shortlink":"https:\/\/wp.me\/PfSnVH-xI","_links":{"self":[{"href":"https:\/\/tradedesk.dk\/blog\/wp-json\/wp\/v2\/pages\/2090","targetHints":{"allow":["GET"]}}],"collection":[{"href":"https:\/\/tradedesk.dk\/blog\/wp-json\/wp\/v2\/pages"}],"about":[{"href":"https:\/\/tradedesk.dk\/blog\/wp-json\/wp\/v2\/types\/page"}],"author":[{"embeddable":true,"href":"https:\/\/tradedesk.dk\/blog\/wp-json\/wp\/v2\/users\/5"}],"replies":[{"embeddable":true,"href":"https:\/\/tradedesk.dk\/blog\/wp-json\/wp\/v2\/comments?post=2090"}],"version-history":[{"count":11,"href":"https:\/\/tradedesk.dk\/blog\/wp-json\/wp\/v2\/pages\/2090\/revisions"}],"predecessor-version":[{"id":2101,"href":"https:\/\/tradedesk.dk\/blog\/wp-json\/wp\/v2\/pages\/2090\/revisions\/2101"}],"wp:attachment":[{"href":"https:\/\/tradedesk.dk\/blog\/wp-json\/wp\/v2\/media?parent=2090"}],"curies":[{"name":"wp","href":"https:\/\/api.w.org\/{rel}","templated":true}]}}