{"id":2070,"date":"2024-11-10T20:25:14","date_gmt":"2024-11-10T20:25:14","guid":{"rendered":"https:\/\/tradedesk.dk\/blog\/?page_id=2070"},"modified":"2024-11-10T20:29:37","modified_gmt":"2024-11-10T20:29:37","slug":"disclaimer","status":"publish","type":"page","link":"https:\/\/tradedesk.dk\/blog\/disclaimer\/","title":{"rendered":"Disclaimer"},"content":{"rendered":"\t\t<div data-elementor-type=\"wp-page\" data-elementor-id=\"2070\" class=\"elementor elementor-2070\">\n\t\t\t\t<div class=\"elementor-element elementor-element-73f3340 e-flex e-con-boxed e-con e-parent\" data-id=\"73f3340\" data-element_type=\"container\" data-e-type=\"container\">\n\t\t\t\t\t<div class=\"e-con-inner\">\n\t\t\t\t<div class=\"elementor-element elementor-element-da13c29 elementor-widget elementor-widget-heading\" data-id=\"da13c29\" data-element_type=\"widget\" data-e-type=\"widget\" data-widget_type=\"heading.default\">\n\t\t\t\t<div class=\"elementor-widget-container\">\n\t\t\t\t\t<h2 class=\"elementor-heading-title elementor-size-default\">Disclaimer<\/h2>\t\t\t\t<\/div>\n\t\t\t\t<\/div>\n\t\t\t\t<div class=\"elementor-element elementor-element-5054332 elementor-widget elementor-widget-text-editor\" data-id=\"5054332\" data-element_type=\"widget\" data-e-type=\"widget\" data-widget_type=\"text-editor.default\">\n\t\t\t\t<div class=\"elementor-widget-container\">\n\t\t\t\t\t\t\t\t\t<p>Den information og de tjenesteydelser, der tilbydes af TradeDesk og indeholdt i vores nyhedsbreve, hjemmeside og andre applikationer, er udelukkende til informationsform\u00e5l og udg\u00f8r ikke finansiel r\u00e5dgivning. TradeDesk p\u00e5tager sig intet ansvar for de investeringsbeslutninger, som l\u00e6serne tr\u00e6ffer p\u00e5 baggrund af de oplysninger, der pr\u00e6senteres. Investering i v\u00e6rdipapirer medf\u00f8rer risici, og l\u00e6serne b\u00f8r altid foretage deres egne unders\u00f8gelser og s\u00f8ge professionel r\u00e5dgivning, hvis n\u00f8dvendigt, f\u00f8r de tr\u00e6ffer investeringsbeslutninger.<\/p><p>\u00a0<\/p><p>TradeDesk fraskriver sig ethvert ansvar for tab eller skader, direkte eller indirekte, som m\u00e5tte opst\u00e5 som f\u00f8lge af brug af eller tillid til indholdet i vores nyhedsbreve, hjemmeside eller andre applikationer. Dette omfatter, men er ikke begr\u00e6nset til, eventuelle fejl eller un\u00f8jagtigheder i informationen, forsinkelser i datalevering, afbrydelser i tjenesten eller tekniske problemer, der kan opst\u00e5 under brugen af vores platforme.<\/p><p>\u00a0<\/p><p>Det er vigtigt at forst\u00e5, at handel med v\u00e6rdipapirer altid indeb\u00e6rer risici, og at fortidens resultater ikke n\u00f8dvendigvis er en p\u00e5lidelig indikator for fremtidige resultater. L\u00e6serne opfordres til at v\u00e6re opm\u00e6rksomme p\u00e5 disse risici og udvise forsigtighed, n\u00e5r de tr\u00e6ffer investeringsbeslutninger.<\/p>\t\t\t\t\t\t\t\t<\/div>\n\t\t\t\t<\/div>\n\t\t\t\t\t<\/div>\n\t\t\t\t<\/div>\n\t\t\t\t<\/div>\n\t\t","protected":false},"excerpt":{"rendered":"<p>Disclaimer Den information og de tjenesteydelser, der tilbydes af TradeDesk og indeholdt i vores nyhedsbreve, [&hellip;]<\/p>\n","protected":false},"author":5,"featured_media":0,"parent":0,"menu_order":0,"comment_status":"closed","ping_status":"closed","template":"elementor_header_footer","meta":{"footnotes":""},"class_list":["post-2070","page","type-page","status-publish","hentry"],"yoast_head":"<!-- This site is optimized with the Yoast SEO Premium plugin v27.2 (Yoast SEO v27.3) - https:\/\/yoast.com\/product\/yoast-seo-premium-wordpress\/ -->\n<title>Disclaimer &#8212; TradeDesk<\/title>\n<meta name=\"robots\" content=\"index, follow, max-snippet:-1, max-image-preview:large, max-video-preview:-1\" \/>\n<link rel=\"canonical\" href=\"https:\/\/tradedesk.dk\/blog\/disclaimer\/\" \/>\n<meta property=\"og:locale\" content=\"da_DK\" \/>\n<meta property=\"og:type\" content=\"article\" \/>\n<meta property=\"og:title\" content=\"Disclaimer\" \/>\n<meta property=\"og:description\" content=\"Disclaimer Den information og de tjenesteydelser, der tilbydes af TradeDesk og indeholdt i vores nyhedsbreve, [&hellip;]\" \/>\n<meta property=\"og:url\" content=\"https:\/\/tradedesk.dk\/blog\/disclaimer\/\" \/>\n<meta property=\"og:site_name\" content=\"TradeDesk\" \/>\n<meta property=\"article:publisher\" content=\"https:\/\/www.facebook.com\/groups\/Aktiebosserne\" \/>\n<meta property=\"article:modified_time\" content=\"2024-11-10T20:29:37+00:00\" \/>\n<meta name=\"twitter:card\" content=\"summary_large_image\" \/>\n<meta name=\"twitter:label1\" content=\"Estimeret l\u00e6setid\" \/>\n\t<meta name=\"twitter:data1\" content=\"1 minut\" \/>\n<script type=\"application\/ld+json\" class=\"yoast-schema-graph\">{\"@context\":\"https:\\\/\\\/schema.org\",\"@graph\":[{\"@type\":\"WebPage\",\"@id\":\"https:\\\/\\\/tradedesk.dk\\\/blog\\\/disclaimer\\\/\",\"url\":\"https:\\\/\\\/tradedesk.dk\\\/blog\\\/disclaimer\\\/\",\"name\":\"Disclaimer &#8212; TradeDesk\",\"isPartOf\":{\"@id\":\"https:\\\/\\\/tradedesk.dk\\\/blog\\\/#website\"},\"datePublished\":\"2024-11-10T20:25:14+00:00\",\"dateModified\":\"2024-11-10T20:29:37+00:00\",\"breadcrumb\":{\"@id\":\"https:\\\/\\\/tradedesk.dk\\\/blog\\\/disclaimer\\\/#breadcrumb\"},\"inLanguage\":\"da-DK\",\"potentialAction\":[{\"@type\":\"ReadAction\",\"target\":[\"https:\\\/\\\/tradedesk.dk\\\/blog\\\/disclaimer\\\/\"]}]},{\"@type\":\"BreadcrumbList\",\"@id\":\"https:\\\/\\\/tradedesk.dk\\\/blog\\\/disclaimer\\\/#breadcrumb\",\"itemListElement\":[{\"@type\":\"ListItem\",\"position\":1,\"name\":\"Home\",\"item\":\"https:\\\/\\\/tradedesk.dk\\\/blog\\\/\"},{\"@type\":\"ListItem\",\"position\":2,\"name\":\"Disclaimer\"}]},{\"@type\":\"WebSite\",\"@id\":\"https:\\\/\\\/tradedesk.dk\\\/blog\\\/#website\",\"url\":\"https:\\\/\\\/tradedesk.dk\\\/blog\\\/\",\"name\":\"TradeDesk\",\"description\":\"Aktier og Investering\",\"publisher\":{\"@id\":\"https:\\\/\\\/tradedesk.dk\\\/blog\\\/#organization\"},\"potentialAction\":[{\"@type\":\"SearchAction\",\"target\":{\"@type\":\"EntryPoint\",\"urlTemplate\":\"https:\\\/\\\/tradedesk.dk\\\/blog\\\/?s={search_term_string}\"},\"query-input\":{\"@type\":\"PropertyValueSpecification\",\"valueRequired\":true,\"valueName\":\"search_term_string\"}}],\"inLanguage\":\"da-DK\"},{\"@type\":\"Organization\",\"@id\":\"https:\\\/\\\/tradedesk.dk\\\/blog\\\/#organization\",\"name\":\"TradeDesk\",\"url\":\"https:\\\/\\\/tradedesk.dk\\\/blog\\\/\",\"logo\":{\"@type\":\"ImageObject\",\"inLanguage\":\"da-DK\",\"@id\":\"https:\\\/\\\/tradedesk.dk\\\/blog\\\/#\\\/schema\\\/logo\\\/image\\\/\",\"url\":\"https:\\\/\\\/tradedesk.dk\\\/blog\\\/wp-content\\\/uploads\\\/2024\\\/06\\\/tradedesk_logo.png\",\"contentUrl\":\"https:\\\/\\\/tradedesk.dk\\\/blog\\\/wp-content\\\/uploads\\\/2024\\\/06\\\/tradedesk_logo.png\",\"width\":140,\"height\":160,\"caption\":\"TradeDesk\"},\"image\":{\"@id\":\"https:\\\/\\\/tradedesk.dk\\\/blog\\\/#\\\/schema\\\/logo\\\/image\\\/\"},\"sameAs\":[\"https:\\\/\\\/www.facebook.com\\\/groups\\\/Aktiebosserne\"]}]}<\/script>\n<!-- \/ Yoast SEO Premium plugin. -->","yoast_head_json":{"title":"Disclaimer &#8212; TradeDesk","robots":{"index":"index","follow":"follow","max-snippet":"max-snippet:-1","max-image-preview":"max-image-preview:large","max-video-preview":"max-video-preview:-1"},"canonical":"https:\/\/tradedesk.dk\/blog\/disclaimer\/","og_locale":"da_DK","og_type":"article","og_title":"Disclaimer","og_description":"Disclaimer Den information og de tjenesteydelser, der tilbydes af TradeDesk og indeholdt i vores nyhedsbreve, [&hellip;]","og_url":"https:\/\/tradedesk.dk\/blog\/disclaimer\/","og_site_name":"TradeDesk","article_publisher":"https:\/\/www.facebook.com\/groups\/Aktiebosserne","article_modified_time":"2024-11-10T20:29:37+00:00","twitter_card":"summary_large_image","twitter_misc":{"Estimeret l\u00e6setid":"1 minut"},"schema":{"@context":"https:\/\/schema.org","@graph":[{"@type":"WebPage","@id":"https:\/\/tradedesk.dk\/blog\/disclaimer\/","url":"https:\/\/tradedesk.dk\/blog\/disclaimer\/","name":"Disclaimer &#8212; TradeDesk","isPartOf":{"@id":"https:\/\/tradedesk.dk\/blog\/#website"},"datePublished":"2024-11-10T20:25:14+00:00","dateModified":"2024-11-10T20:29:37+00:00","breadcrumb":{"@id":"https:\/\/tradedesk.dk\/blog\/disclaimer\/#breadcrumb"},"inLanguage":"da-DK","potentialAction":[{"@type":"ReadAction","target":["https:\/\/tradedesk.dk\/blog\/disclaimer\/"]}]},{"@type":"BreadcrumbList","@id":"https:\/\/tradedesk.dk\/blog\/disclaimer\/#breadcrumb","itemListElement":[{"@type":"ListItem","position":1,"name":"Home","item":"https:\/\/tradedesk.dk\/blog\/"},{"@type":"ListItem","position":2,"name":"Disclaimer"}]},{"@type":"WebSite","@id":"https:\/\/tradedesk.dk\/blog\/#website","url":"https:\/\/tradedesk.dk\/blog\/","name":"TradeDesk","description":"Aktier og Investering","publisher":{"@id":"https:\/\/tradedesk.dk\/blog\/#organization"},"potentialAction":[{"@type":"SearchAction","target":{"@type":"EntryPoint","urlTemplate":"https:\/\/tradedesk.dk\/blog\/?s={search_term_string}"},"query-input":{"@type":"PropertyValueSpecification","valueRequired":true,"valueName":"search_term_string"}}],"inLanguage":"da-DK"},{"@type":"Organization","@id":"https:\/\/tradedesk.dk\/blog\/#organization","name":"TradeDesk","url":"https:\/\/tradedesk.dk\/blog\/","logo":{"@type":"ImageObject","inLanguage":"da-DK","@id":"https:\/\/tradedesk.dk\/blog\/#\/schema\/logo\/image\/","url":"https:\/\/tradedesk.dk\/blog\/wp-content\/uploads\/2024\/06\/tradedesk_logo.png","contentUrl":"https:\/\/tradedesk.dk\/blog\/wp-content\/uploads\/2024\/06\/tradedesk_logo.png","width":140,"height":160,"caption":"TradeDesk"},"image":{"@id":"https:\/\/tradedesk.dk\/blog\/#\/schema\/logo\/image\/"},"sameAs":["https:\/\/www.facebook.com\/groups\/Aktiebosserne"]}]}},"jetpack-related-posts":[{"id":2431,"url":"https:\/\/tradedesk.dk\/blog\/9-danske-vinder-aktier\/","url_meta":{"origin":2070,"position":0},"title":"9 Danske Vinder Aktier","author":"siawa rao","date":"2024-11-27","format":false,"excerpt":"K\u00f8b ikke din n\u00e6ste aktie - f\u00f8r du har l\u00e6st \"9 Danske Vinderaktier\" \u00a0\u2013 De Private Investorers Guide til Sikre Langsigtede Investeringer 9 Danske Vinderaktier \u2013 Invest\u00e9r i Fremtidens Stjerner i dag\u00a0 Hent din gratis kopi af vores E-bog23 v\u00e6rdifulde sider fyldt med viden og 9 analyser, du ikke m\u00e5\u2026","rel":"","context":"Similar post","block_context":{"text":"Similar post","link":""},"img":{"alt_text":"","src":"https:\/\/i0.wp.com\/tradedesk.dk\/blog\/wp-content\/uploads\/2024\/11\/2-1.png?resize=350%2C200&ssl=1","width":350,"height":200,"srcset":"https:\/\/i0.wp.com\/tradedesk.dk\/blog\/wp-content\/uploads\/2024\/11\/2-1.png?resize=350%2C200&ssl=1 1x, https:\/\/i0.wp.com\/tradedesk.dk\/blog\/wp-content\/uploads\/2024\/11\/2-1.png?resize=525%2C300&ssl=1 1.5x, https:\/\/i0.wp.com\/tradedesk.dk\/blog\/wp-content\/uploads\/2024\/11\/2-1.png?resize=700%2C400&ssl=1 2x"},"classes":[]},{"id":2102,"url":"https:\/\/tradedesk.dk\/blog\/privacy\/","url_meta":{"origin":2070,"position":1},"title":"Privatlivspolitik","author":"siawa rao","date":"2024-11-10","format":false,"excerpt":"Privatlivspolitik Vi har brug for f\u00f8lgende oplysninger, n\u00e5r du handler hos os:Navn, adresse, tlf.nr. og mailadresse.\u00a0Vi registrerer og videregiver de personoplysninger, som er n\u00f8dvendige for at kunne levere varen til dig.\u00a0Vi samarbejder herudover med en r\u00e6kke andre virksomheder, som opbevarer og behandler data. Virksomhederne behandler udelukkende oplysninger p\u00e5 vores vegne\u2026","rel":"","context":"Similar post","block_context":{"text":"Similar post","link":""},"img":{"alt_text":"","src":"","width":0,"height":0},"classes":[]},{"id":2116,"url":"https:\/\/tradedesk.dk\/blog\/thats-how-it-works\/","url_meta":{"origin":2070,"position":2},"title":"S\u00e5dan virker det","author":"siawa rao","date":"2024-11-10","format":false,"excerpt":"TradeDesk hj\u00e6lper dig med at undg\u00e5 store tab og finde de bedste aktier i markedetSe hvordan TradeDesk hj\u00e6lper dig i vores demo af Guldpakken Stop med at gamble med din finansielle fremtidTr\u00e6f i stedet bedre, datadrevne beslutninger med TradeDesk Slut med store tab og holde p\u00e5 taberaktier \u200bSlut med at\u2026","rel":"","context":"Similar post","block_context":{"text":"Similar post","link":""},"img":{"alt_text":"","src":"https:\/\/i0.wp.com\/tradedesk.dk\/blog\/wp-content\/uploads\/2024\/11\/2.png?resize=350%2C200&ssl=1","width":350,"height":200,"srcset":"https:\/\/i0.wp.com\/tradedesk.dk\/blog\/wp-content\/uploads\/2024\/11\/2.png?resize=350%2C200&ssl=1 1x, https:\/\/i0.wp.com\/tradedesk.dk\/blog\/wp-content\/uploads\/2024\/11\/2.png?resize=525%2C300&ssl=1 1.5x, https:\/\/i0.wp.com\/tradedesk.dk\/blog\/wp-content\/uploads\/2024\/11\/2.png?resize=700%2C400&ssl=1 2x"},"classes":[]},{"id":2576,"url":"https:\/\/tradedesk.dk\/blog\/9-danske-vinder-aktier-mini-offer\/","url_meta":{"origin":2070,"position":3},"title":"Vi har sendt e-bogen til dig.","author":"siawa rao","date":"2024-12-04","format":false,"excerpt":"Vi har sendt e-bogen til dig!\u00a0Den er i din mailboks om 2 min, men\u00a0kan ende i spam \/ promoveringer i din mailboks.Mens du venter, vil vi gerne\u00a0pr\u00e6sentere TradeDesk for dig\u00a0TradeDesk hj\u00e6lper dig med at undg\u00e5 store tab og finde de bedste aktier i markedet og vi har brugt TradeDesk til\u2026","rel":"","context":"Similar post","block_context":{"text":"Similar post","link":""},"img":{"alt_text":"","src":"https:\/\/i0.wp.com\/tradedesk.dk\/blog\/wp-content\/uploads\/2024\/11\/lyn-analyse.jpg?resize=350%2C200&ssl=1","width":350,"height":200,"srcset":"https:\/\/i0.wp.com\/tradedesk.dk\/blog\/wp-content\/uploads\/2024\/11\/lyn-analyse.jpg?resize=350%2C200&ssl=1 1x, https:\/\/i0.wp.com\/tradedesk.dk\/blog\/wp-content\/uploads\/2024\/11\/lyn-analyse.jpg?resize=525%2C300&ssl=1 1.5x, https:\/\/i0.wp.com\/tradedesk.dk\/blog\/wp-content\/uploads\/2024\/11\/lyn-analyse.jpg?resize=700%2C400&ssl=1 2x"},"classes":[]},{"id":1944,"url":"https:\/\/tradedesk.dk\/blog\/about\/","url_meta":{"origin":2070,"position":4},"title":"Om os | TradeDesk","author":"siawa rao","date":"2024-11-10","format":false,"excerpt":"Om TradeDesk TradeDesk er en dansk softwarevirksomhed specialiseret i aktieanalyse og handel, grundlagt i 2015 af Troels H\u00f8jbjerg. Med en dyb forst\u00e5else af markedsdynamikker og en passion for teknisk analyse, har TradeDesk skabt innovative l\u00f8sninger, der hj\u00e6lper private investorer med at navigere og trives i de komplekse finansielle markeder.\u00a0Vision bag\u2026","rel":"","context":"Similar post","block_context":{"text":"Similar post","link":""},"img":{"alt_text":"","src":"https:\/\/i0.wp.com\/tradedesk.dk\/blog\/wp-content\/uploads\/2024\/11\/troels-300x292.png?resize=350%2C200&ssl=1","width":350,"height":200},"classes":[]},{"id":2631,"url":"https:\/\/tradedesk.dk\/blog\/mini-offer\/","url_meta":{"origin":2070,"position":5},"title":"Pr\u00f8v TradeDesk i en mdr til 47 kr","author":"siawa rao","date":"2025-01-10","format":false,"excerpt":"TradeDesk hj\u00e6lper finde de bedste aktier i aktiemarkedet Inden du k\u00f8ber - check aktien i TradeDesk Slut med store tab og holde p\u00e5 taberaktier \u200bSlut med at v\u00e6lge aktier med mavefornemmelsen \u200bSlut med ikke at f\u00e5 holdt \u00f8je og eksekveret Find de bedste aktier i markedet nemt og hurtigt \u200bOpn\u00e5\u2026","rel":"","context":"Similar post","block_context":{"text":"Similar post","link":""},"img":{"alt_text":"","src":"https:\/\/i0.wp.com\/tradedesk.dk\/blog\/wp-content\/uploads\/2025\/01\/Poul.png?resize=350%2C200&ssl=1","width":350,"height":200,"srcset":"https:\/\/i0.wp.com\/tradedesk.dk\/blog\/wp-content\/uploads\/2025\/01\/Poul.png?resize=350%2C200&ssl=1 1x, https:\/\/i0.wp.com\/tradedesk.dk\/blog\/wp-content\/uploads\/2025\/01\/Poul.png?resize=525%2C300&ssl=1 1.5x"},"classes":[]}],"jetpack_sharing_enabled":true,"jetpack_shortlink":"https:\/\/wp.me\/PfSnVH-xo","_links":{"self":[{"href":"https:\/\/tradedesk.dk\/blog\/wp-json\/wp\/v2\/pages\/2070","targetHints":{"allow":["GET"]}}],"collection":[{"href":"https:\/\/tradedesk.dk\/blog\/wp-json\/wp\/v2\/pages"}],"about":[{"href":"https:\/\/tradedesk.dk\/blog\/wp-json\/wp\/v2\/types\/page"}],"author":[{"embeddable":true,"href":"https:\/\/tradedesk.dk\/blog\/wp-json\/wp\/v2\/users\/5"}],"replies":[{"embeddable":true,"href":"https:\/\/tradedesk.dk\/blog\/wp-json\/wp\/v2\/comments?post=2070"}],"version-history":[{"count":19,"href":"https:\/\/tradedesk.dk\/blog\/wp-json\/wp\/v2\/pages\/2070\/revisions"}],"predecessor-version":[{"id":2089,"href":"https:\/\/tradedesk.dk\/blog\/wp-json\/wp\/v2\/pages\/2070\/revisions\/2089"}],"wp:attachment":[{"href":"https:\/\/tradedesk.dk\/blog\/wp-json\/wp\/v2\/media?parent=2070"}],"curies":[{"name":"wp","href":"https:\/\/api.w.org\/{rel}","templated":true}]}}