{"id":2052,"date":"2024-11-10T19:57:22","date_gmt":"2024-11-10T19:57:22","guid":{"rendered":"https:\/\/tradedesk.dk\/blog\/?page_id=2052"},"modified":"2024-11-10T20:07:37","modified_gmt":"2024-11-10T20:07:37","slug":"contact","status":"publish","type":"page","link":"https:\/\/tradedesk.dk\/blog\/contact\/","title":{"rendered":"Kontakt os"},"content":{"rendered":"\t\t<div data-elementor-type=\"wp-page\" data-elementor-id=\"2052\" class=\"elementor elementor-2052\">\n\t\t\t\t<div class=\"elementor-element elementor-element-262b346 e-flex e-con-boxed e-con e-parent\" data-id=\"262b346\" data-element_type=\"container\" data-e-type=\"container\">\n\t\t\t\t\t<div class=\"e-con-inner\">\n\t\t<div class=\"elementor-element elementor-element-a4ea187 e-con-full e-flex e-con e-child\" data-id=\"a4ea187\" data-element_type=\"container\" data-e-type=\"container\">\n\t\t\t\t<div class=\"elementor-element elementor-element-4f73bc5 elementor-widget elementor-widget-image\" data-id=\"4f73bc5\" data-element_type=\"widget\" data-e-type=\"widget\" data-widget_type=\"image.default\">\n\t\t\t\t<div class=\"elementor-widget-container\">\n\t\t\t\t\t\t\t\t\t\t\t\t\t\t\t<img fetchpriority=\"high\" decoding=\"async\" width=\"640\" height=\"427\" src=\"https:\/\/tradedesk.dk\/blog\/wp-content\/uploads\/2024\/11\/support-1024x683.jpeg\" class=\"attachment-large size-large wp-image-2054\" alt=\"\" srcset=\"https:\/\/tradedesk.dk\/blog\/wp-content\/uploads\/2024\/11\/support-1024x683.jpeg 1024w, https:\/\/tradedesk.dk\/blog\/wp-content\/uploads\/2024\/11\/support-300x200.jpeg 300w, https:\/\/tradedesk.dk\/blog\/wp-content\/uploads\/2024\/11\/support-768x512.jpeg 768w, https:\/\/tradedesk.dk\/blog\/wp-content\/uploads\/2024\/11\/support-1536x1024.jpeg 1536w, https:\/\/tradedesk.dk\/blog\/wp-content\/uploads\/2024\/11\/support-2048x1365.jpeg 2048w\" sizes=\"(max-width: 640px) 100vw, 640px\" \/>\t\t\t\t\t\t\t\t\t\t\t\t\t\t\t<\/div>\n\t\t\t\t<\/div>\n\t\t\t\t<\/div>\n\t\t<div class=\"elementor-element elementor-element-4fedd19 e-con-full e-flex e-con e-child\" data-id=\"4fedd19\" data-element_type=\"container\" data-e-type=\"container\">\n\t\t\t\t<div class=\"elementor-element elementor-element-29e5ce3 elementor-widget elementor-widget-heading\" data-id=\"29e5ce3\" data-element_type=\"widget\" data-e-type=\"widget\" data-widget_type=\"heading.default\">\n\t\t\t\t<div class=\"elementor-widget-container\">\n\t\t\t\t\t<p class=\"elementor-heading-title elementor-size-default\">Kontakt os<\/p>\t\t\t\t<\/div>\n\t\t\t\t<\/div>\n\t\t\t\t<div class=\"elementor-element elementor-element-a299ce6 elementor-widget elementor-widget-text-editor\" data-id=\"a299ce6\" data-element_type=\"widget\" data-e-type=\"widget\" data-widget_type=\"text-editor.default\">\n\t\t\t\t<div class=\"elementor-widget-container\">\n\t\t\t\t\t\t\t\t\t<p><span class=\"col-12 float-left text-size-sm text-color-blue-light font-weight-800 px-0 line-height-20 mt-2\">Telefon hverdage (9-17)<\/span><\/p><p><span class=\"col-12 float-left text-size-mdlg text-color-blue-medium font-weight-800 px-0  line-height-20 \"><a class=\"text-color-blue-medium text-color-blue-dark-hover\" href=\"tel:+ 45 61 300 413\">+ 45 61 300 413<\/a><\/span><\/p><p><span class=\"col-12 float-left text-size-sm text-color-blue-light font-weight-800 px-0 line-height-20 mt-2\">Email<\/span><\/p><p><span class=\"col-12 float-left text-size-mdlg text-color-blue-medium font-weight-800 px-0  line-height-20 \"><a class=\"text-color-blue-medium text-color-blue-dark-hover\" href=\"mailto:kundeservice@tradedesk.dk\">kundeservice@tradedesk.dk<\/a><\/span><\/p><p><span class=\"col-12 float-left text-size-sm text-color-blue-light font-weight-800 px-0 line-height-20 mt-4\">CVR<\/span><\/p><p><span class=\"col-12 float-left text-size-mdlg text-color-blue-medium font-weight-800 px-0  line-height-20 \">DK41450665<\/span><\/p><p><span class=\"col-12 float-left text-size-sm text-color-blue-light font-weight-800 px-0 line-height-20 mt-4\">Facebookgruppen<\/span><\/p><p><span class=\"col-12 float-left text-size-mdlg text-color-blue-medium font-weight-800 px-0  line-height-20 \"><a class=\"text-color-blue-medium text-color-blue-dark-hover\" href=\"https:\/\/www.facebook.com\/groups\/Aktiebosserne\/\" target=\"_blank\" rel=\"noopener\">Aktiebosserne<\/a><\/span><\/p>\t\t\t\t\t\t\t\t<\/div>\n\t\t\t\t<\/div>\n\t\t\t\t<div class=\"elementor-element elementor-element-c0f929b elementor-widget elementor-widget-text-editor\" data-id=\"c0f929b\" data-element_type=\"widget\" data-e-type=\"widget\" data-widget_type=\"text-editor.default\">\n\t\t\t\t<div class=\"elementor-widget-container\">\n\t\t\t\t\t\t\t\t\t<p>Vi er altid \u00e5bne over for gode forslag, eller samarbejde, s\u00e5 t\u00f8v ikke og send os en email i dag. Du kan ogs\u00e5 kontakte os p\u00e5 chatten nedest i h\u00f8jre hj\u00f8rne.<\/p><p>Tak for det!<\/p>\t\t\t\t\t\t\t\t<\/div>\n\t\t\t\t<\/div>\n\t\t\t\t<\/div>\n\t\t\t\t\t<\/div>\n\t\t\t\t<\/div>\n\t\t\t\t<\/div>\n\t\t","protected":false},"excerpt":{"rendered":"<p>Kontakt os Telefon hverdage (9-17) + 45 61 300 413 Email kundeservice@tradedesk.dk CVR DK41450665 Facebookgruppen [&hellip;]<\/p>\n","protected":false},"author":5,"featured_media":0,"parent":0,"menu_order":0,"comment_status":"closed","ping_status":"closed","template":"elementor_header_footer","meta":{"footnotes":""},"class_list":["post-2052","page","type-page","status-publish","hentry"],"yoast_head":"<!-- This site is optimized with the Yoast SEO Premium plugin v27.2 (Yoast SEO v27.3) - https:\/\/yoast.com\/product\/yoast-seo-premium-wordpress\/ -->\n<title>Kontakt os &#8212; TradeDesk<\/title>\n<meta name=\"robots\" content=\"index, follow, max-snippet:-1, max-image-preview:large, max-video-preview:-1\" \/>\n<link rel=\"canonical\" href=\"https:\/\/tradedesk.dk\/blog\/contact\/\" \/>\n<meta property=\"og:locale\" content=\"da_DK\" \/>\n<meta property=\"og:type\" content=\"article\" \/>\n<meta property=\"og:title\" content=\"Kontakt os\" \/>\n<meta property=\"og:description\" content=\"Kontakt os Telefon hverdage (9-17) + 45 61 300 413 Email kundeservice@tradedesk.dk CVR DK41450665 Facebookgruppen [&hellip;]\" \/>\n<meta property=\"og:url\" content=\"https:\/\/tradedesk.dk\/blog\/contact\/\" \/>\n<meta property=\"og:site_name\" content=\"TradeDesk\" \/>\n<meta property=\"article:publisher\" content=\"https:\/\/www.facebook.com\/groups\/Aktiebosserne\" \/>\n<meta property=\"article:modified_time\" content=\"2024-11-10T20:07:37+00:00\" \/>\n<meta property=\"og:image\" content=\"https:\/\/tradedesk.dk\/blog\/wp-content\/uploads\/2024\/11\/support.jpeg\" \/>\n\t<meta property=\"og:image:width\" content=\"2250\" \/>\n\t<meta property=\"og:image:height\" content=\"1500\" \/>\n\t<meta property=\"og:image:type\" content=\"image\/jpeg\" \/>\n<meta name=\"twitter:card\" content=\"summary_large_image\" \/>\n<meta name=\"twitter:label1\" content=\"Estimeret l\u00e6setid\" \/>\n\t<meta name=\"twitter:data1\" content=\"1 minut\" \/>\n<script type=\"application\/ld+json\" class=\"yoast-schema-graph\">{\"@context\":\"https:\\\/\\\/schema.org\",\"@graph\":[{\"@type\":\"WebPage\",\"@id\":\"https:\\\/\\\/tradedesk.dk\\\/blog\\\/contact\\\/\",\"url\":\"https:\\\/\\\/tradedesk.dk\\\/blog\\\/contact\\\/\",\"name\":\"Kontakt os &#8212; TradeDesk\",\"isPartOf\":{\"@id\":\"https:\\\/\\\/tradedesk.dk\\\/blog\\\/#website\"},\"primaryImageOfPage\":{\"@id\":\"https:\\\/\\\/tradedesk.dk\\\/blog\\\/contact\\\/#primaryimage\"},\"image\":{\"@id\":\"https:\\\/\\\/tradedesk.dk\\\/blog\\\/contact\\\/#primaryimage\"},\"thumbnailUrl\":\"https:\\\/\\\/tradedesk.dk\\\/blog\\\/wp-content\\\/uploads\\\/2024\\\/11\\\/support-1024x683.jpeg\",\"datePublished\":\"2024-11-10T19:57:22+00:00\",\"dateModified\":\"2024-11-10T20:07:37+00:00\",\"breadcrumb\":{\"@id\":\"https:\\\/\\\/tradedesk.dk\\\/blog\\\/contact\\\/#breadcrumb\"},\"inLanguage\":\"da-DK\",\"potentialAction\":[{\"@type\":\"ReadAction\",\"target\":[\"https:\\\/\\\/tradedesk.dk\\\/blog\\\/contact\\\/\"]}]},{\"@type\":\"ImageObject\",\"inLanguage\":\"da-DK\",\"@id\":\"https:\\\/\\\/tradedesk.dk\\\/blog\\\/contact\\\/#primaryimage\",\"url\":\"https:\\\/\\\/tradedesk.dk\\\/blog\\\/wp-content\\\/uploads\\\/2024\\\/11\\\/support.jpeg\",\"contentUrl\":\"https:\\\/\\\/tradedesk.dk\\\/blog\\\/wp-content\\\/uploads\\\/2024\\\/11\\\/support.jpeg\",\"width\":2250,\"height\":1500},{\"@type\":\"BreadcrumbList\",\"@id\":\"https:\\\/\\\/tradedesk.dk\\\/blog\\\/contact\\\/#breadcrumb\",\"itemListElement\":[{\"@type\":\"ListItem\",\"position\":1,\"name\":\"Home\",\"item\":\"https:\\\/\\\/tradedesk.dk\\\/blog\\\/\"},{\"@type\":\"ListItem\",\"position\":2,\"name\":\"Kontakt os\"}]},{\"@type\":\"WebSite\",\"@id\":\"https:\\\/\\\/tradedesk.dk\\\/blog\\\/#website\",\"url\":\"https:\\\/\\\/tradedesk.dk\\\/blog\\\/\",\"name\":\"TradeDesk\",\"description\":\"Aktier og Investering\",\"publisher\":{\"@id\":\"https:\\\/\\\/tradedesk.dk\\\/blog\\\/#organization\"},\"potentialAction\":[{\"@type\":\"SearchAction\",\"target\":{\"@type\":\"EntryPoint\",\"urlTemplate\":\"https:\\\/\\\/tradedesk.dk\\\/blog\\\/?s={search_term_string}\"},\"query-input\":{\"@type\":\"PropertyValueSpecification\",\"valueRequired\":true,\"valueName\":\"search_term_string\"}}],\"inLanguage\":\"da-DK\"},{\"@type\":\"Organization\",\"@id\":\"https:\\\/\\\/tradedesk.dk\\\/blog\\\/#organization\",\"name\":\"TradeDesk\",\"url\":\"https:\\\/\\\/tradedesk.dk\\\/blog\\\/\",\"logo\":{\"@type\":\"ImageObject\",\"inLanguage\":\"da-DK\",\"@id\":\"https:\\\/\\\/tradedesk.dk\\\/blog\\\/#\\\/schema\\\/logo\\\/image\\\/\",\"url\":\"https:\\\/\\\/tradedesk.dk\\\/blog\\\/wp-content\\\/uploads\\\/2024\\\/06\\\/tradedesk_logo.png\",\"contentUrl\":\"https:\\\/\\\/tradedesk.dk\\\/blog\\\/wp-content\\\/uploads\\\/2024\\\/06\\\/tradedesk_logo.png\",\"width\":140,\"height\":160,\"caption\":\"TradeDesk\"},\"image\":{\"@id\":\"https:\\\/\\\/tradedesk.dk\\\/blog\\\/#\\\/schema\\\/logo\\\/image\\\/\"},\"sameAs\":[\"https:\\\/\\\/www.facebook.com\\\/groups\\\/Aktiebosserne\"]}]}<\/script>\n<!-- \/ Yoast SEO Premium plugin. -->","yoast_head_json":{"title":"Kontakt os &#8212; TradeDesk","robots":{"index":"index","follow":"follow","max-snippet":"max-snippet:-1","max-image-preview":"max-image-preview:large","max-video-preview":"max-video-preview:-1"},"canonical":"https:\/\/tradedesk.dk\/blog\/contact\/","og_locale":"da_DK","og_type":"article","og_title":"Kontakt os","og_description":"Kontakt os Telefon hverdage (9-17) + 45 61 300 413 Email kundeservice@tradedesk.dk CVR DK41450665 Facebookgruppen [&hellip;]","og_url":"https:\/\/tradedesk.dk\/blog\/contact\/","og_site_name":"TradeDesk","article_publisher":"https:\/\/www.facebook.com\/groups\/Aktiebosserne","article_modified_time":"2024-11-10T20:07:37+00:00","og_image":[{"width":2250,"height":1500,"url":"https:\/\/tradedesk.dk\/blog\/wp-content\/uploads\/2024\/11\/support.jpeg","type":"image\/jpeg"}],"twitter_card":"summary_large_image","twitter_misc":{"Estimeret l\u00e6setid":"1 minut"},"schema":{"@context":"https:\/\/schema.org","@graph":[{"@type":"WebPage","@id":"https:\/\/tradedesk.dk\/blog\/contact\/","url":"https:\/\/tradedesk.dk\/blog\/contact\/","name":"Kontakt os &#8212; TradeDesk","isPartOf":{"@id":"https:\/\/tradedesk.dk\/blog\/#website"},"primaryImageOfPage":{"@id":"https:\/\/tradedesk.dk\/blog\/contact\/#primaryimage"},"image":{"@id":"https:\/\/tradedesk.dk\/blog\/contact\/#primaryimage"},"thumbnailUrl":"https:\/\/tradedesk.dk\/blog\/wp-content\/uploads\/2024\/11\/support-1024x683.jpeg","datePublished":"2024-11-10T19:57:22+00:00","dateModified":"2024-11-10T20:07:37+00:00","breadcrumb":{"@id":"https:\/\/tradedesk.dk\/blog\/contact\/#breadcrumb"},"inLanguage":"da-DK","potentialAction":[{"@type":"ReadAction","target":["https:\/\/tradedesk.dk\/blog\/contact\/"]}]},{"@type":"ImageObject","inLanguage":"da-DK","@id":"https:\/\/tradedesk.dk\/blog\/contact\/#primaryimage","url":"https:\/\/tradedesk.dk\/blog\/wp-content\/uploads\/2024\/11\/support.jpeg","contentUrl":"https:\/\/tradedesk.dk\/blog\/wp-content\/uploads\/2024\/11\/support.jpeg","width":2250,"height":1500},{"@type":"BreadcrumbList","@id":"https:\/\/tradedesk.dk\/blog\/contact\/#breadcrumb","itemListElement":[{"@type":"ListItem","position":1,"name":"Home","item":"https:\/\/tradedesk.dk\/blog\/"},{"@type":"ListItem","position":2,"name":"Kontakt os"}]},{"@type":"WebSite","@id":"https:\/\/tradedesk.dk\/blog\/#website","url":"https:\/\/tradedesk.dk\/blog\/","name":"TradeDesk","description":"Aktier og Investering","publisher":{"@id":"https:\/\/tradedesk.dk\/blog\/#organization"},"potentialAction":[{"@type":"SearchAction","target":{"@type":"EntryPoint","urlTemplate":"https:\/\/tradedesk.dk\/blog\/?s={search_term_string}"},"query-input":{"@type":"PropertyValueSpecification","valueRequired":true,"valueName":"search_term_string"}}],"inLanguage":"da-DK"},{"@type":"Organization","@id":"https:\/\/tradedesk.dk\/blog\/#organization","name":"TradeDesk","url":"https:\/\/tradedesk.dk\/blog\/","logo":{"@type":"ImageObject","inLanguage":"da-DK","@id":"https:\/\/tradedesk.dk\/blog\/#\/schema\/logo\/image\/","url":"https:\/\/tradedesk.dk\/blog\/wp-content\/uploads\/2024\/06\/tradedesk_logo.png","contentUrl":"https:\/\/tradedesk.dk\/blog\/wp-content\/uploads\/2024\/06\/tradedesk_logo.png","width":140,"height":160,"caption":"TradeDesk"},"image":{"@id":"https:\/\/tradedesk.dk\/blog\/#\/schema\/logo\/image\/"},"sameAs":["https:\/\/www.facebook.com\/groups\/Aktiebosserne"]}]}},"jetpack-related-posts":[{"id":2102,"url":"https:\/\/tradedesk.dk\/blog\/privacy\/","url_meta":{"origin":2052,"position":0},"title":"Privatlivspolitik","author":"siawa rao","date":"2024-11-10","format":false,"excerpt":"Privatlivspolitik Vi har brug for f\u00f8lgende oplysninger, n\u00e5r du handler hos os:Navn, adresse, tlf.nr. og mailadresse.\u00a0Vi registrerer og videregiver de personoplysninger, som er n\u00f8dvendige for at kunne levere varen til dig.\u00a0Vi samarbejder herudover med en r\u00e6kke andre virksomheder, som opbevarer og behandler data. Virksomhederne behandler udelukkende oplysninger p\u00e5 vores vegne\u2026","rel":"","context":"Similar post","block_context":{"text":"Similar post","link":""},"img":{"alt_text":"","src":"","width":0,"height":0},"classes":[]},{"id":2090,"url":"https:\/\/tradedesk.dk\/blog\/conditions\/","url_meta":{"origin":2052,"position":1},"title":"Handels- og abonnementsbetingelser","author":"siawa rao","date":"2024-11-10","format":false,"excerpt":"Handels- og abonnementsbetingelser BetalingAlle abonnementer betales en m\u00e5ned forud. S\u00e5fremt der ikke kan tr\u00e6kkes penge fra dit kreditkort (VISA eller MasterCard), vil dit abonnement blive opsagt pga. manglende betaling, efter 2 advarsler pa\u030a e-mail. Vi tager ingen kortgebyrer. Kontooverf\u00f8rsel er IKKE mulig - kun k\u00f8b pr. kreditkort.LeveringTradeDesk leverer en opdatering\u2026","rel":"","context":"Similar post","block_context":{"text":"Similar post","link":""},"img":{"alt_text":"","src":"","width":0,"height":0},"classes":[]},{"id":1944,"url":"https:\/\/tradedesk.dk\/blog\/about\/","url_meta":{"origin":2052,"position":2},"title":"Om os | TradeDesk","author":"siawa rao","date":"2024-11-10","format":false,"excerpt":"Om TradeDesk TradeDesk er en dansk softwarevirksomhed specialiseret i aktieanalyse og handel, grundlagt i 2015 af Troels H\u00f8jbjerg. Med en dyb forst\u00e5else af markedsdynamikker og en passion for teknisk analyse, har TradeDesk skabt innovative l\u00f8sninger, der hj\u00e6lper private investorer med at navigere og trives i de komplekse finansielle markeder.\u00a0Vision bag\u2026","rel":"","context":"Similar post","block_context":{"text":"Similar post","link":""},"img":{"alt_text":"","src":"https:\/\/i0.wp.com\/tradedesk.dk\/blog\/wp-content\/uploads\/2024\/11\/troels-300x292.png?resize=350%2C200&ssl=1","width":350,"height":200},"classes":[]},{"id":2116,"url":"https:\/\/tradedesk.dk\/blog\/thats-how-it-works\/","url_meta":{"origin":2052,"position":3},"title":"S\u00e5dan virker det","author":"siawa rao","date":"2024-11-10","format":false,"excerpt":"TradeDesk hj\u00e6lper dig med at undg\u00e5 store tab og finde de bedste aktier i markedetSe hvordan TradeDesk hj\u00e6lper dig i vores demo af Guldpakken Stop med at gamble med din finansielle fremtidTr\u00e6f i stedet bedre, datadrevne beslutninger med TradeDesk Slut med store tab og holde p\u00e5 taberaktier \u200bSlut med at\u2026","rel":"","context":"Similar post","block_context":{"text":"Similar post","link":""},"img":{"alt_text":"","src":"https:\/\/i0.wp.com\/tradedesk.dk\/blog\/wp-content\/uploads\/2024\/11\/2.png?resize=350%2C200&ssl=1","width":350,"height":200,"srcset":"https:\/\/i0.wp.com\/tradedesk.dk\/blog\/wp-content\/uploads\/2024\/11\/2.png?resize=350%2C200&ssl=1 1x, https:\/\/i0.wp.com\/tradedesk.dk\/blog\/wp-content\/uploads\/2024\/11\/2.png?resize=525%2C300&ssl=1 1.5x, https:\/\/i0.wp.com\/tradedesk.dk\/blog\/wp-content\/uploads\/2024\/11\/2.png?resize=700%2C400&ssl=1 2x"},"classes":[]},{"id":2576,"url":"https:\/\/tradedesk.dk\/blog\/9-danske-vinder-aktier-mini-offer\/","url_meta":{"origin":2052,"position":4},"title":"Vi har sendt e-bogen til dig.","author":"siawa rao","date":"2024-12-04","format":false,"excerpt":"Vi har sendt e-bogen til dig!\u00a0Den er i din mailboks om 2 min, men\u00a0kan ende i spam \/ promoveringer i din mailboks.Mens du venter, vil vi gerne\u00a0pr\u00e6sentere TradeDesk for dig\u00a0TradeDesk hj\u00e6lper dig med at undg\u00e5 store tab og finde de bedste aktier i markedet og vi har brugt TradeDesk til\u2026","rel":"","context":"Similar post","block_context":{"text":"Similar post","link":""},"img":{"alt_text":"","src":"https:\/\/i0.wp.com\/tradedesk.dk\/blog\/wp-content\/uploads\/2024\/11\/lyn-analyse.jpg?resize=350%2C200&ssl=1","width":350,"height":200,"srcset":"https:\/\/i0.wp.com\/tradedesk.dk\/blog\/wp-content\/uploads\/2024\/11\/lyn-analyse.jpg?resize=350%2C200&ssl=1 1x, https:\/\/i0.wp.com\/tradedesk.dk\/blog\/wp-content\/uploads\/2024\/11\/lyn-analyse.jpg?resize=525%2C300&ssl=1 1.5x, https:\/\/i0.wp.com\/tradedesk.dk\/blog\/wp-content\/uploads\/2024\/11\/lyn-analyse.jpg?resize=700%2C400&ssl=1 2x"},"classes":[]},{"id":2631,"url":"https:\/\/tradedesk.dk\/blog\/mini-offer\/","url_meta":{"origin":2052,"position":5},"title":"Pr\u00f8v TradeDesk i en mdr til 47 kr","author":"siawa rao","date":"2025-01-10","format":false,"excerpt":"TradeDesk hj\u00e6lper finde de bedste aktier i aktiemarkedet Inden du k\u00f8ber - check aktien i TradeDesk Slut med store tab og holde p\u00e5 taberaktier \u200bSlut med at v\u00e6lge aktier med mavefornemmelsen \u200bSlut med ikke at f\u00e5 holdt \u00f8je og eksekveret Find de bedste aktier i markedet nemt og hurtigt \u200bOpn\u00e5\u2026","rel":"","context":"Similar post","block_context":{"text":"Similar post","link":""},"img":{"alt_text":"","src":"https:\/\/i0.wp.com\/tradedesk.dk\/blog\/wp-content\/uploads\/2025\/01\/Poul.png?resize=350%2C200&ssl=1","width":350,"height":200,"srcset":"https:\/\/i0.wp.com\/tradedesk.dk\/blog\/wp-content\/uploads\/2025\/01\/Poul.png?resize=350%2C200&ssl=1 1x, https:\/\/i0.wp.com\/tradedesk.dk\/blog\/wp-content\/uploads\/2025\/01\/Poul.png?resize=525%2C300&ssl=1 1.5x"},"classes":[]}],"jetpack_sharing_enabled":true,"jetpack_shortlink":"https:\/\/wp.me\/PfSnVH-x6","_links":{"self":[{"href":"https:\/\/tradedesk.dk\/blog\/wp-json\/wp\/v2\/pages\/2052","targetHints":{"allow":["GET"]}}],"collection":[{"href":"https:\/\/tradedesk.dk\/blog\/wp-json\/wp\/v2\/pages"}],"about":[{"href":"https:\/\/tradedesk.dk\/blog\/wp-json\/wp\/v2\/types\/page"}],"author":[{"embeddable":true,"href":"https:\/\/tradedesk.dk\/blog\/wp-json\/wp\/v2\/users\/5"}],"replies":[{"embeddable":true,"href":"https:\/\/tradedesk.dk\/blog\/wp-json\/wp\/v2\/comments?post=2052"}],"version-history":[{"count":16,"href":"https:\/\/tradedesk.dk\/blog\/wp-json\/wp\/v2\/pages\/2052\/revisions"}],"predecessor-version":[{"id":2069,"href":"https:\/\/tradedesk.dk\/blog\/wp-json\/wp\/v2\/pages\/2052\/revisions\/2069"}],"wp:attachment":[{"href":"https:\/\/tradedesk.dk\/blog\/wp-json\/wp\/v2\/media?parent=2052"}],"curies":[{"name":"wp","href":"https:\/\/api.w.org\/{rel}","templated":true}]}}