{"id":1944,"date":"2024-11-10T11:35:52","date_gmt":"2024-11-10T11:35:52","guid":{"rendered":"https:\/\/tradedesk.dk\/blog\/?page_id=1944"},"modified":"2024-11-10T12:14:38","modified_gmt":"2024-11-10T12:14:38","slug":"about","status":"publish","type":"page","link":"https:\/\/tradedesk.dk\/blog\/about\/","title":{"rendered":"Om os | TradeDesk"},"content":{"rendered":"\t\t<div data-elementor-type=\"wp-page\" data-elementor-id=\"1944\" class=\"elementor elementor-1944\">\n\t\t\t\t<div class=\"elementor-element elementor-element-52374a6 e-flex e-con-boxed e-con e-parent\" data-id=\"52374a6\" data-element_type=\"container\" data-e-type=\"container\">\n\t\t\t\t\t<div class=\"e-con-inner\">\n\t\t\t\t<div class=\"elementor-element elementor-element-2bf7727 alt-font elementor-widget elementor-widget-heading\" data-id=\"2bf7727\" data-element_type=\"widget\" data-e-type=\"widget\" data-widget_type=\"heading.default\">\n\t\t\t\t<div class=\"elementor-widget-container\">\n\t\t\t\t\t<div class=\"elementor-heading-title elementor-size-default\">Om TradeDesk<\/div>\t\t\t\t<\/div>\n\t\t\t\t<\/div>\n\t\t\t\t<div class=\"elementor-element elementor-element-9ef6396 elementor-widget elementor-widget-text-editor\" data-id=\"9ef6396\" data-element_type=\"widget\" data-e-type=\"widget\" data-widget_type=\"text-editor.default\">\n\t\t\t\t<div class=\"elementor-widget-container\">\n\t\t\t\t\t\t\t\t\t<p>TradeDesk er en dansk softwarevirksomhed specialiseret i aktieanalyse og handel, grundlagt i 2015 af Troels H\u00f8jbjerg. Med en dyb forst\u00e5else af markedsdynamikker og en passion for teknisk analyse, har TradeDesk skabt innovative l\u00f8sninger, der hj\u00e6lper private investorer med at navigere og trives i de komplekse finansielle markeder.<\/p><p>\u00a0<\/p><p><strong>Vision bag TradeDesk<\/strong><\/p><p>\u00a0<\/p><p>TradeDesks vision er at simplificere aktieanalyser ved at levere et analysev\u00e6rkt\u00f8j, der er tilg\u00e6ngelige for b\u00e5de private og professionelle investorer. Vi str\u00e6ber efter at g\u00f8re markedet gennemsigtigt og forst\u00e5eligt for alle, uanset deres erfaringsniveau, og vi arbejder kontinuerligt p\u00e5 at forbedre vores produkter for at sikre, at vores brugere har den bedste information til r\u00e5dighed for at tr\u00e6ffe informerede investeringsbeslutninger.<\/p><p>\u00a0<\/p><p><strong>TradeDesks Produkt<\/strong><\/p><p>\u00a0<\/p><p>TradeDesk tilbyder en kraftfuld analyse software, der er designet til at scanne aktiemarkedet for mulige vendinger og trends ved hj\u00e6lp af momentum og tekniske indikatorer. Vores platform analyserer aktiemarkedet kontinuerligt for rettidige handelsanbefalinger og sender dem ud til kunderne per e-mail.<\/p><p>\u00a0<\/p><p><strong>Kunder<\/strong><\/p><p>\u00a0<\/p><p>TradeDesk henvender sig til en bred vifte af kunder, herunder:<br \/>Private Investorer: Nybegyndere og erfarne handlende, der \u00f8nsker at forbedre deres investeringsstrategier og opn\u00e5 bedre resultater.<br \/>Semi-Professionelle Investorer: Finansielle r\u00e5dgivere, portef\u00f8ljemanagere og daytradere, der har brug for avancerede v\u00e6rkt\u00f8jer til at optimere deres handelsbeslutninger.<\/p><p>\u00a0<\/p><p>Hos TradeDesk er vores m\u00e5l at give alle investorer, uanset deres baggrund eller erfaringsniveau, de v\u00e6rkt\u00f8jer og den viden, de har brug for, til at navigere sikkert og succesfuldt i aktiemarkedet.<\/p>\t\t\t\t\t\t\t\t<\/div>\n\t\t\t\t<\/div>\n\t\t\t\t\t<\/div>\n\t\t\t\t<\/div>\n\t\t<div class=\"elementor-element elementor-element-dd143fc e-flex e-con-boxed e-con e-parent\" data-id=\"dd143fc\" data-element_type=\"container\" data-e-type=\"container\">\n\t\t\t\t\t<div class=\"e-con-inner\">\n\t\t\t\t<div class=\"elementor-element elementor-element-ac5d591 elementor-widget elementor-widget-image\" data-id=\"ac5d591\" data-element_type=\"widget\" data-e-type=\"widget\" data-widget_type=\"image.default\">\n\t\t\t\t<div class=\"elementor-widget-container\">\n\t\t\t\t\t\t\t\t\t\t\t\t\t\t\t<img fetchpriority=\"high\" decoding=\"async\" width=\"300\" height=\"292\" src=\"https:\/\/tradedesk.dk\/blog\/wp-content\/uploads\/2024\/11\/troels-300x292.png\" class=\"attachment-medium size-medium wp-image-1969\" alt=\"\" srcset=\"https:\/\/tradedesk.dk\/blog\/wp-content\/uploads\/2024\/11\/troels-300x292.png 300w, https:\/\/tradedesk.dk\/blog\/wp-content\/uploads\/2024\/11\/troels-1024x998.png 1024w, https:\/\/tradedesk.dk\/blog\/wp-content\/uploads\/2024\/11\/troels-768x749.png 768w, https:\/\/tradedesk.dk\/blog\/wp-content\/uploads\/2024\/11\/troels.png 1188w\" sizes=\"(max-width: 300px) 100vw, 300px\" \/>\t\t\t\t\t\t\t\t\t\t\t\t\t\t\t<\/div>\n\t\t\t\t<\/div>\n\t\t\t\t<div class=\"elementor-element elementor-element-97bf701 elementor-widget elementor-widget-heading\" data-id=\"97bf701\" data-element_type=\"widget\" data-e-type=\"widget\" data-widget_type=\"heading.default\">\n\t\t\t\t<div class=\"elementor-widget-container\">\n\t\t\t\t\t<p class=\"elementor-heading-title elementor-size-default\"><span style='color:#180d6b;font-weight: 900 !important;font-size: 24px'>Troels H\u00f8jbjerg<\/span> \n&nbsp;&nbsp;Direkt\u00f8r &amp; Stifter<\/p>\t\t\t\t<\/div>\n\t\t\t\t<\/div>\n\t\t\t\t<div class=\"elementor-element elementor-element-c14928b elementor-widget elementor-widget-text-editor\" data-id=\"c14928b\" data-element_type=\"widget\" data-e-type=\"widget\" data-widget_type=\"text-editor.default\">\n\t\t\t\t<div class=\"elementor-widget-container\">\n\t\t\t\t\t\t\t\t\t<p>Jeg hedder Troels H\u00f8jbjerg og er direkt\u00f8r for TradeDesk.<br \/><br \/>Jeg har en cand.merc. i innovation og management, og jeg har mange \u00e5rs erfaring inden for aktiehandel og investering. Med min akademiske baggrund har jeg opbygget en solid forst\u00e5else af markedsdynamikker og specialiseret mig i teknisk analyse og evidensbaserede strategier.<br \/><br \/>Min karriere begyndte som portef\u00f8ljemanager hos Markedskraft, hvor jeg arbejdede med trading og prismodellering af elpriser. Denne erfaring t\u00e6ndte min interesse for teknisk analyse, is\u00e6r n\u00e5r det g\u00e6lder aktiemarkedet, hvor jeg har stor viden om candlestick diagrammer. Jeg har l\u00e6st mange anerkendte b\u00f8ger inden for feltet, herunder &#8220;What Works on Wall Street,&#8221; &#8220;Encyclopedia of Candlesticks,&#8221; &#8220;Encyclopedia of Chart Patterns,&#8221; og &#8220;Trading in the Zone.&#8221;<br \/><br \/>Jeg er medlem og abonnent af Dansk Aktion\u00e6rforening og Stocks &amp; Commodities, og jeg har holdt foredrag for IDA (Dansk Aktion\u00e6rforening), FOF og har fungeret som mentor for danske investorer siden 2018.<br \/><br \/>I 2016 grundlagde jeg TradeDesk, hvor jeg udviklede min egen trading software til at scanne aktiemarkedet for vendinger i aktier ved hj\u00e6lp af candlestick diagrammer. Siden 2015 har jeg fulgt markedet t\u00e6t og navigeret gennem udfordrende perioder som krigen i Ukraine, energikriser, corona-pandemien og inflationspr\u00e6gede markeder.<br \/><br \/>Min trading stil kombinerer trendfollowing og swingtrading, underst\u00f8ttet af grundl\u00e6ggende analyser. Min omfattende erfaring og dybdeg\u00e5ende viden g\u00f8r mig til en autoritet inden for aktiehandel og investering, og jeg har hjulpet mange investorer med at opn\u00e5 bedre resultater p\u00e5 aktiemarkedet.<br \/><br \/>For mere information om mig og mit arbejde, bes\u00f8g TradeDesk. Du kan ogs\u00e5 finde mig p\u00e5 YouTube og LinkedIn. Du kan kontakte mig p\u00e5 troels@tradedesk.dk.<\/p>\t\t\t\t\t\t\t\t<\/div>\n\t\t\t\t<\/div>\n\t\t\t\t\t<\/div>\n\t\t\t\t<\/div>\n\t\t\t\t<\/div>\n\t\t","protected":false},"excerpt":{"rendered":"<p>Om TradeDesk TradeDesk er en dansk softwarevirksomhed specialiseret i aktieanalyse og handel, grundlagt i 2015 [&hellip;]<\/p>\n","protected":false},"author":5,"featured_media":0,"parent":0,"menu_order":0,"comment_status":"closed","ping_status":"closed","template":"elementor_header_footer","meta":{"footnotes":""},"class_list":["post-1944","page","type-page","status-publish","hentry"],"yoast_head":"<!-- This site is optimized with the Yoast SEO Premium plugin v27.2 (Yoast SEO v27.3) - https:\/\/yoast.com\/product\/yoast-seo-premium-wordpress\/ -->\n<title>Om os | TradeDesk &#8212; TradeDesk<\/title>\n<meta name=\"robots\" content=\"index, follow, max-snippet:-1, max-image-preview:large, max-video-preview:-1\" \/>\n<link rel=\"canonical\" href=\"https:\/\/tradedesk.dk\/blog\/about\/\" \/>\n<meta property=\"og:locale\" content=\"da_DK\" \/>\n<meta property=\"og:type\" content=\"article\" \/>\n<meta property=\"og:title\" content=\"Om os | TradeDesk\" \/>\n<meta property=\"og:description\" content=\"Om TradeDesk TradeDesk er en dansk softwarevirksomhed specialiseret i aktieanalyse og handel, grundlagt i 2015 [&hellip;]\" \/>\n<meta property=\"og:url\" content=\"https:\/\/tradedesk.dk\/blog\/about\/\" \/>\n<meta property=\"og:site_name\" content=\"TradeDesk\" \/>\n<meta property=\"article:publisher\" content=\"https:\/\/www.facebook.com\/groups\/Aktiebosserne\" \/>\n<meta property=\"article:modified_time\" content=\"2024-11-10T12:14:38+00:00\" \/>\n<meta property=\"og:image\" content=\"https:\/\/tradedesk.dk\/blog\/wp-content\/uploads\/2024\/11\/troels.png\" \/>\n\t<meta property=\"og:image:width\" content=\"1188\" \/>\n\t<meta property=\"og:image:height\" content=\"1158\" \/>\n\t<meta property=\"og:image:type\" content=\"image\/png\" \/>\n<meta name=\"twitter:card\" content=\"summary_large_image\" \/>\n<meta name=\"twitter:label1\" content=\"Estimeret l\u00e6setid\" \/>\n\t<meta name=\"twitter:data1\" content=\"3 minutter\" \/>\n<script type=\"application\/ld+json\" class=\"yoast-schema-graph\">{\"@context\":\"https:\\\/\\\/schema.org\",\"@graph\":[{\"@type\":\"WebPage\",\"@id\":\"https:\\\/\\\/tradedesk.dk\\\/blog\\\/about\\\/\",\"url\":\"https:\\\/\\\/tradedesk.dk\\\/blog\\\/about\\\/\",\"name\":\"Om os | TradeDesk &#8212; TradeDesk\",\"isPartOf\":{\"@id\":\"https:\\\/\\\/tradedesk.dk\\\/blog\\\/#website\"},\"primaryImageOfPage\":{\"@id\":\"https:\\\/\\\/tradedesk.dk\\\/blog\\\/about\\\/#primaryimage\"},\"image\":{\"@id\":\"https:\\\/\\\/tradedesk.dk\\\/blog\\\/about\\\/#primaryimage\"},\"thumbnailUrl\":\"https:\\\/\\\/tradedesk.dk\\\/blog\\\/wp-content\\\/uploads\\\/2024\\\/11\\\/troels-300x292.png\",\"datePublished\":\"2024-11-10T11:35:52+00:00\",\"dateModified\":\"2024-11-10T12:14:38+00:00\",\"breadcrumb\":{\"@id\":\"https:\\\/\\\/tradedesk.dk\\\/blog\\\/about\\\/#breadcrumb\"},\"inLanguage\":\"da-DK\",\"potentialAction\":[{\"@type\":\"ReadAction\",\"target\":[\"https:\\\/\\\/tradedesk.dk\\\/blog\\\/about\\\/\"]}]},{\"@type\":\"ImageObject\",\"inLanguage\":\"da-DK\",\"@id\":\"https:\\\/\\\/tradedesk.dk\\\/blog\\\/about\\\/#primaryimage\",\"url\":\"https:\\\/\\\/tradedesk.dk\\\/blog\\\/wp-content\\\/uploads\\\/2024\\\/11\\\/troels.png\",\"contentUrl\":\"https:\\\/\\\/tradedesk.dk\\\/blog\\\/wp-content\\\/uploads\\\/2024\\\/11\\\/troels.png\",\"width\":1188,\"height\":1158},{\"@type\":\"BreadcrumbList\",\"@id\":\"https:\\\/\\\/tradedesk.dk\\\/blog\\\/about\\\/#breadcrumb\",\"itemListElement\":[{\"@type\":\"ListItem\",\"position\":1,\"name\":\"Home\",\"item\":\"https:\\\/\\\/tradedesk.dk\\\/blog\\\/\"},{\"@type\":\"ListItem\",\"position\":2,\"name\":\"Om os | TradeDesk\"}]},{\"@type\":\"WebSite\",\"@id\":\"https:\\\/\\\/tradedesk.dk\\\/blog\\\/#website\",\"url\":\"https:\\\/\\\/tradedesk.dk\\\/blog\\\/\",\"name\":\"TradeDesk\",\"description\":\"Aktier og Investering\",\"publisher\":{\"@id\":\"https:\\\/\\\/tradedesk.dk\\\/blog\\\/#organization\"},\"potentialAction\":[{\"@type\":\"SearchAction\",\"target\":{\"@type\":\"EntryPoint\",\"urlTemplate\":\"https:\\\/\\\/tradedesk.dk\\\/blog\\\/?s={search_term_string}\"},\"query-input\":{\"@type\":\"PropertyValueSpecification\",\"valueRequired\":true,\"valueName\":\"search_term_string\"}}],\"inLanguage\":\"da-DK\"},{\"@type\":\"Organization\",\"@id\":\"https:\\\/\\\/tradedesk.dk\\\/blog\\\/#organization\",\"name\":\"TradeDesk\",\"url\":\"https:\\\/\\\/tradedesk.dk\\\/blog\\\/\",\"logo\":{\"@type\":\"ImageObject\",\"inLanguage\":\"da-DK\",\"@id\":\"https:\\\/\\\/tradedesk.dk\\\/blog\\\/#\\\/schema\\\/logo\\\/image\\\/\",\"url\":\"https:\\\/\\\/tradedesk.dk\\\/blog\\\/wp-content\\\/uploads\\\/2024\\\/06\\\/tradedesk_logo.png\",\"contentUrl\":\"https:\\\/\\\/tradedesk.dk\\\/blog\\\/wp-content\\\/uploads\\\/2024\\\/06\\\/tradedesk_logo.png\",\"width\":140,\"height\":160,\"caption\":\"TradeDesk\"},\"image\":{\"@id\":\"https:\\\/\\\/tradedesk.dk\\\/blog\\\/#\\\/schema\\\/logo\\\/image\\\/\"},\"sameAs\":[\"https:\\\/\\\/www.facebook.com\\\/groups\\\/Aktiebosserne\"]}]}<\/script>\n<!-- \/ Yoast SEO Premium plugin. -->","yoast_head_json":{"title":"Om os | TradeDesk &#8212; TradeDesk","robots":{"index":"index","follow":"follow","max-snippet":"max-snippet:-1","max-image-preview":"max-image-preview:large","max-video-preview":"max-video-preview:-1"},"canonical":"https:\/\/tradedesk.dk\/blog\/about\/","og_locale":"da_DK","og_type":"article","og_title":"Om os | TradeDesk","og_description":"Om TradeDesk TradeDesk er en dansk softwarevirksomhed specialiseret i aktieanalyse og handel, grundlagt i 2015 [&hellip;]","og_url":"https:\/\/tradedesk.dk\/blog\/about\/","og_site_name":"TradeDesk","article_publisher":"https:\/\/www.facebook.com\/groups\/Aktiebosserne","article_modified_time":"2024-11-10T12:14:38+00:00","og_image":[{"width":1188,"height":1158,"url":"https:\/\/tradedesk.dk\/blog\/wp-content\/uploads\/2024\/11\/troels.png","type":"image\/png"}],"twitter_card":"summary_large_image","twitter_misc":{"Estimeret l\u00e6setid":"3 minutter"},"schema":{"@context":"https:\/\/schema.org","@graph":[{"@type":"WebPage","@id":"https:\/\/tradedesk.dk\/blog\/about\/","url":"https:\/\/tradedesk.dk\/blog\/about\/","name":"Om os | TradeDesk &#8212; TradeDesk","isPartOf":{"@id":"https:\/\/tradedesk.dk\/blog\/#website"},"primaryImageOfPage":{"@id":"https:\/\/tradedesk.dk\/blog\/about\/#primaryimage"},"image":{"@id":"https:\/\/tradedesk.dk\/blog\/about\/#primaryimage"},"thumbnailUrl":"https:\/\/tradedesk.dk\/blog\/wp-content\/uploads\/2024\/11\/troels-300x292.png","datePublished":"2024-11-10T11:35:52+00:00","dateModified":"2024-11-10T12:14:38+00:00","breadcrumb":{"@id":"https:\/\/tradedesk.dk\/blog\/about\/#breadcrumb"},"inLanguage":"da-DK","potentialAction":[{"@type":"ReadAction","target":["https:\/\/tradedesk.dk\/blog\/about\/"]}]},{"@type":"ImageObject","inLanguage":"da-DK","@id":"https:\/\/tradedesk.dk\/blog\/about\/#primaryimage","url":"https:\/\/tradedesk.dk\/blog\/wp-content\/uploads\/2024\/11\/troels.png","contentUrl":"https:\/\/tradedesk.dk\/blog\/wp-content\/uploads\/2024\/11\/troels.png","width":1188,"height":1158},{"@type":"BreadcrumbList","@id":"https:\/\/tradedesk.dk\/blog\/about\/#breadcrumb","itemListElement":[{"@type":"ListItem","position":1,"name":"Home","item":"https:\/\/tradedesk.dk\/blog\/"},{"@type":"ListItem","position":2,"name":"Om os | TradeDesk"}]},{"@type":"WebSite","@id":"https:\/\/tradedesk.dk\/blog\/#website","url":"https:\/\/tradedesk.dk\/blog\/","name":"TradeDesk","description":"Aktier og Investering","publisher":{"@id":"https:\/\/tradedesk.dk\/blog\/#organization"},"potentialAction":[{"@type":"SearchAction","target":{"@type":"EntryPoint","urlTemplate":"https:\/\/tradedesk.dk\/blog\/?s={search_term_string}"},"query-input":{"@type":"PropertyValueSpecification","valueRequired":true,"valueName":"search_term_string"}}],"inLanguage":"da-DK"},{"@type":"Organization","@id":"https:\/\/tradedesk.dk\/blog\/#organization","name":"TradeDesk","url":"https:\/\/tradedesk.dk\/blog\/","logo":{"@type":"ImageObject","inLanguage":"da-DK","@id":"https:\/\/tradedesk.dk\/blog\/#\/schema\/logo\/image\/","url":"https:\/\/tradedesk.dk\/blog\/wp-content\/uploads\/2024\/06\/tradedesk_logo.png","contentUrl":"https:\/\/tradedesk.dk\/blog\/wp-content\/uploads\/2024\/06\/tradedesk_logo.png","width":140,"height":160,"caption":"TradeDesk"},"image":{"@id":"https:\/\/tradedesk.dk\/blog\/#\/schema\/logo\/image\/"},"sameAs":["https:\/\/www.facebook.com\/groups\/Aktiebosserne"]}]}},"jetpack-related-posts":[{"id":2116,"url":"https:\/\/tradedesk.dk\/blog\/thats-how-it-works\/","url_meta":{"origin":1944,"position":0},"title":"S\u00e5dan virker det","author":"siawa rao","date":"2024-11-10","format":false,"excerpt":"TradeDesk hj\u00e6lper dig med at undg\u00e5 store tab og finde de bedste aktier i markedetSe hvordan TradeDesk hj\u00e6lper dig i vores demo af Guldpakken Stop med at gamble med din finansielle fremtidTr\u00e6f i stedet bedre, datadrevne beslutninger med TradeDesk Slut med store tab og holde p\u00e5 taberaktier \u200bSlut med at\u2026","rel":"","context":"Similar post","block_context":{"text":"Similar post","link":""},"img":{"alt_text":"","src":"https:\/\/i0.wp.com\/tradedesk.dk\/blog\/wp-content\/uploads\/2024\/11\/2.png?resize=350%2C200&ssl=1","width":350,"height":200,"srcset":"https:\/\/i0.wp.com\/tradedesk.dk\/blog\/wp-content\/uploads\/2024\/11\/2.png?resize=350%2C200&ssl=1 1x, https:\/\/i0.wp.com\/tradedesk.dk\/blog\/wp-content\/uploads\/2024\/11\/2.png?resize=525%2C300&ssl=1 1.5x, https:\/\/i0.wp.com\/tradedesk.dk\/blog\/wp-content\/uploads\/2024\/11\/2.png?resize=700%2C400&ssl=1 2x"},"classes":[]},{"id":2576,"url":"https:\/\/tradedesk.dk\/blog\/9-danske-vinder-aktier-mini-offer\/","url_meta":{"origin":1944,"position":1},"title":"Vi har sendt e-bogen til dig.","author":"siawa rao","date":"2024-12-04","format":false,"excerpt":"Vi har sendt e-bogen til dig!\u00a0Den er i din mailboks om 2 min, men\u00a0kan ende i spam \/ promoveringer i din mailboks.Mens du venter, vil vi gerne\u00a0pr\u00e6sentere TradeDesk for dig\u00a0TradeDesk hj\u00e6lper dig med at undg\u00e5 store tab og finde de bedste aktier i markedet og vi har brugt TradeDesk til\u2026","rel":"","context":"Similar post","block_context":{"text":"Similar post","link":""},"img":{"alt_text":"","src":"https:\/\/i0.wp.com\/tradedesk.dk\/blog\/wp-content\/uploads\/2024\/11\/lyn-analyse.jpg?resize=350%2C200&ssl=1","width":350,"height":200,"srcset":"https:\/\/i0.wp.com\/tradedesk.dk\/blog\/wp-content\/uploads\/2024\/11\/lyn-analyse.jpg?resize=350%2C200&ssl=1 1x, https:\/\/i0.wp.com\/tradedesk.dk\/blog\/wp-content\/uploads\/2024\/11\/lyn-analyse.jpg?resize=525%2C300&ssl=1 1.5x, https:\/\/i0.wp.com\/tradedesk.dk\/blog\/wp-content\/uploads\/2024\/11\/lyn-analyse.jpg?resize=700%2C400&ssl=1 2x"},"classes":[]},{"id":2631,"url":"https:\/\/tradedesk.dk\/blog\/mini-offer\/","url_meta":{"origin":1944,"position":2},"title":"Pr\u00f8v TradeDesk i en mdr til 47 kr","author":"siawa rao","date":"2025-01-10","format":false,"excerpt":"TradeDesk hj\u00e6lper finde de bedste aktier i aktiemarkedet Inden du k\u00f8ber - check aktien i TradeDesk Slut med store tab og holde p\u00e5 taberaktier \u200bSlut med at v\u00e6lge aktier med mavefornemmelsen \u200bSlut med ikke at f\u00e5 holdt \u00f8je og eksekveret Find de bedste aktier i markedet nemt og hurtigt \u200bOpn\u00e5\u2026","rel":"","context":"Similar post","block_context":{"text":"Similar post","link":""},"img":{"alt_text":"","src":"https:\/\/i0.wp.com\/tradedesk.dk\/blog\/wp-content\/uploads\/2025\/01\/Poul.png?resize=350%2C200&ssl=1","width":350,"height":200,"srcset":"https:\/\/i0.wp.com\/tradedesk.dk\/blog\/wp-content\/uploads\/2025\/01\/Poul.png?resize=350%2C200&ssl=1 1x, https:\/\/i0.wp.com\/tradedesk.dk\/blog\/wp-content\/uploads\/2025\/01\/Poul.png?resize=525%2C300&ssl=1 1.5x"},"classes":[]},{"id":2431,"url":"https:\/\/tradedesk.dk\/blog\/9-danske-vinder-aktier\/","url_meta":{"origin":1944,"position":3},"title":"9 Danske Vinder Aktier","author":"siawa rao","date":"2024-11-27","format":false,"excerpt":"K\u00f8b ikke din n\u00e6ste aktie - f\u00f8r du har l\u00e6st \"9 Danske Vinderaktier\" \u00a0\u2013 De Private Investorers Guide til Sikre Langsigtede Investeringer 9 Danske Vinderaktier \u2013 Invest\u00e9r i Fremtidens Stjerner i dag\u00a0 Hent din gratis kopi af vores E-bog23 v\u00e6rdifulde sider fyldt med viden og 9 analyser, du ikke m\u00e5\u2026","rel":"","context":"Similar post","block_context":{"text":"Similar post","link":""},"img":{"alt_text":"","src":"https:\/\/i0.wp.com\/tradedesk.dk\/blog\/wp-content\/uploads\/2024\/11\/2-1.png?resize=350%2C200&ssl=1","width":350,"height":200,"srcset":"https:\/\/i0.wp.com\/tradedesk.dk\/blog\/wp-content\/uploads\/2024\/11\/2-1.png?resize=350%2C200&ssl=1 1x, https:\/\/i0.wp.com\/tradedesk.dk\/blog\/wp-content\/uploads\/2024\/11\/2-1.png?resize=525%2C300&ssl=1 1.5x, https:\/\/i0.wp.com\/tradedesk.dk\/blog\/wp-content\/uploads\/2024\/11\/2-1.png?resize=700%2C400&ssl=1 2x"},"classes":[]},{"id":2070,"url":"https:\/\/tradedesk.dk\/blog\/disclaimer\/","url_meta":{"origin":1944,"position":4},"title":"Disclaimer","author":"siawa rao","date":"2024-11-10","format":false,"excerpt":"Disclaimer Den information og de tjenesteydelser, der tilbydes af TradeDesk og indeholdt i vores nyhedsbreve, hjemmeside og andre applikationer, er udelukkende til informationsform\u00e5l og udg\u00f8r ikke finansiel r\u00e5dgivning. TradeDesk p\u00e5tager sig intet ansvar for de investeringsbeslutninger, som l\u00e6serne tr\u00e6ffer p\u00e5 baggrund af de oplysninger, der pr\u00e6senteres. Investering i v\u00e6rdipapirer medf\u00f8rer\u2026","rel":"","context":"Similar post","block_context":{"text":"Similar post","link":""},"img":{"alt_text":"","src":"","width":0,"height":0},"classes":[]},{"id":2378,"url":"https:\/\/tradedesk.dk\/blog\/reviews\/","url_meta":{"origin":1944,"position":5},"title":"H\u00f8r hvad brugere siger om TradeDesk","author":"siawa rao","date":"2024-10-27","format":false,"excerpt":"Poul-Erik H\u00f8jbjerg p\u00e5 72 \u00e5r \"Jeg har haft meget stor gl\u00e6de af at bruge TradeDesken og vil helt klart anbefale det til andre\"Poul-Erik \u00e6rgede sig tidligere, hvis et godt selskab steg og han f\u00f8rst opdagede det for sent.\"Jeg har f\u00e5et det ud af det, at jeg kan finde aktier i\u2026","rel":"","context":"Similar post","block_context":{"text":"Similar post","link":""},"img":{"alt_text":"","src":"https:\/\/i0.wp.com\/tradedesk.dk\/blog\/wp-content\/uploads\/2024\/11\/f69e0129998019cd35ed9828ed786d1d.png?resize=350%2C200&ssl=1","width":350,"height":200,"srcset":"https:\/\/i0.wp.com\/tradedesk.dk\/blog\/wp-content\/uploads\/2024\/11\/f69e0129998019cd35ed9828ed786d1d.png?resize=350%2C200&ssl=1 1x, https:\/\/i0.wp.com\/tradedesk.dk\/blog\/wp-content\/uploads\/2024\/11\/f69e0129998019cd35ed9828ed786d1d.png?resize=525%2C300&ssl=1 1.5x"},"classes":[]}],"jetpack_sharing_enabled":true,"jetpack_shortlink":"https:\/\/wp.me\/PfSnVH-vm","_links":{"self":[{"href":"https:\/\/tradedesk.dk\/blog\/wp-json\/wp\/v2\/pages\/1944","targetHints":{"allow":["GET"]}}],"collection":[{"href":"https:\/\/tradedesk.dk\/blog\/wp-json\/wp\/v2\/pages"}],"about":[{"href":"https:\/\/tradedesk.dk\/blog\/wp-json\/wp\/v2\/types\/page"}],"author":[{"embeddable":true,"href":"https:\/\/tradedesk.dk\/blog\/wp-json\/wp\/v2\/users\/5"}],"replies":[{"embeddable":true,"href":"https:\/\/tradedesk.dk\/blog\/wp-json\/wp\/v2\/comments?post=1944"}],"version-history":[{"count":37,"href":"https:\/\/tradedesk.dk\/blog\/wp-json\/wp\/v2\/pages\/1944\/revisions"}],"predecessor-version":[{"id":1985,"href":"https:\/\/tradedesk.dk\/blog\/wp-json\/wp\/v2\/pages\/1944\/revisions\/1985"}],"wp:attachment":[{"href":"https:\/\/tradedesk.dk\/blog\/wp-json\/wp\/v2\/media?parent=1944"}],"curies":[{"name":"wp","href":"https:\/\/api.w.org\/{rel}","templated":true}]}}